{"id":1146,"date":"2019-10-12T14:25:47","date_gmt":"2019-10-12T12:25:47","guid":{"rendered":"http:\/\/electro-seb.fr\/?page_id=1146"},"modified":"2019-10-23T17:16:57","modified_gmt":"2019-10-23T15:16:57","slug":"seche-linge-a-condensation","status":"publish","type":"page","link":"https:\/\/electro-seb.fr\/index.php\/seche-linge-a-condensation\/","title":{"rendered":"S\u00e8che-linge \u00e0 condensation"},"content":{"rendered":"\t\t<div data-elementor-type=\"wp-page\" data-elementor-id=\"1146\" class=\"elementor elementor-1146\" data-elementor-settings=\"[]\">\n\t\t\t\t\t\t<div class=\"elementor-inner\">\n\t\t\t\t\t\t\t<div class=\"elementor-section-wrap\">\n\t\t\t\t\t\t\t<section class=\"elementor-section elementor-top-section elementor-element elementor-element-db639ad elementor-section-boxed elementor-section-height-default elementor-section-height-default\" data-id=\"db639ad\" data-element_type=\"section\">\n\t\t\t\t\t\t<div class=\"elementor-container elementor-column-gap-default\">\n\t\t\t\t\t\t\t<div class=\"elementor-row\">\n\t\t\t\t\t<div class=\"elementor-column elementor-col-100 elementor-top-column elementor-element elementor-element-830722d\" data-id=\"830722d\" data-element_type=\"column\">\n\t\t\t<div class=\"elementor-column-wrap elementor-element-populated\">\n\t\t\t\t\t\t\t<div class=\"elementor-widget-wrap\">\n\t\t\t\t\t\t<div class=\"elementor-element elementor-element-7222405 elementor-widget-divider--view-line elementor-widget elementor-widget-divider\" data-id=\"7222405\" data-element_type=\"widget\" data-widget_type=\"divider.default\">\n\t\t\t\t<div class=\"elementor-widget-container\">\n\t\t\t\t\t<div class=\"elementor-divider\">\n\t\t\t<span class=\"elementor-divider-separator\">\n\t\t\t\t\t\t<\/span>\n\t\t<\/div>\n\t\t\t\t<\/div>\n\t\t\t\t<\/div>\n\t\t\t\t\t\t<\/div>\n\t\t\t\t\t<\/div>\n\t\t<\/div>\n\t\t\t\t\t\t\t\t<\/div>\n\t\t\t\t\t<\/div>\n\t\t<\/section>\n\t\t\t\t<section class=\"elementor-section elementor-top-section elementor-element elementor-element-0c0ccff elementor-section-boxed elementor-section-height-default elementor-section-height-default\" data-id=\"0c0ccff\" data-element_type=\"section\">\n\t\t\t\t\t\t<div class=\"elementor-container elementor-column-gap-default\">\n\t\t\t\t\t\t\t<div class=\"elementor-row\">\n\t\t\t\t\t<div class=\"elementor-column elementor-col-100 elementor-top-column elementor-element elementor-element-df95449\" data-id=\"df95449\" data-element_type=\"column\">\n\t\t\t<div class=\"elementor-column-wrap elementor-element-populated\">\n\t\t\t\t\t\t\t<div class=\"elementor-widget-wrap\">\n\t\t\t\t\t\t<div class=\"elementor-element elementor-element-47eb2f2 elementor-widget elementor-widget-heading\" data-id=\"47eb2f2\" data-element_type=\"widget\" data-widget_type=\"heading.default\">\n\t\t\t\t<div class=\"elementor-widget-container\">\n\t\t\t<h2 class=\"elementor-heading-title elementor-size-xl\">S\u00e8che-linge condensation<\/h2>\t\t<\/div>\n\t\t\t\t<\/div>\n\t\t\t\t\t\t<\/div>\n\t\t\t\t\t<\/div>\n\t\t<\/div>\n\t\t\t\t\t\t\t\t<\/div>\n\t\t\t\t\t<\/div>\n\t\t<\/section>\n\t\t\t\t<section class=\"elementor-section elementor-top-section elementor-element elementor-element-57a86b2 elementor-section-boxed elementor-section-height-default elementor-section-height-default\" data-id=\"57a86b2\" data-element_type=\"section\">\n\t\t\t\t\t\t<div class=\"elementor-container elementor-column-gap-default\">\n\t\t\t\t\t\t\t<div class=\"elementor-row\">\n\t\t\t\t\t<div class=\"elementor-column elementor-col-25 elementor-top-column elementor-element elementor-element-9524bf4\" data-id=\"9524bf4\" data-element_type=\"column\">\n\t\t\t<div class=\"elementor-column-wrap elementor-element-populated\">\n\t\t\t\t\t\t\t<div class=\"elementor-widget-wrap\">\n\t\t\t\t\t\t<div class=\"elementor-element elementor-element-ac29b41 elementor-widget elementor-widget-image\" data-id=\"ac29b41\" data-element_type=\"widget\" data-widget_type=\"image.default\">\n\t\t\t\t<div class=\"elementor-widget-container\">\n\t\t\t\t\t\t\t\t<div class=\"elementor-image\">\n\t\t\t\t\t\t\t\t\t<figure class=\"wp-caption\">\n\t\t\t\t\t\t\t\t\t\t<img loading=\"lazy\" decoding=\"async\" width=\"600\" height=\"1066\" src=\"https:\/\/electro-seb.fr\/wp-content\/uploads\/2019\/10\/s\u00e8che-linge-condensation-MIELE-T7644C-600px-transparent.png\" class=\"attachment-medium_large size-medium_large\" alt=\"\" srcset=\"https:\/\/electro-seb.fr\/wp-content\/uploads\/2019\/10\/s\u00e8che-linge-condensation-MIELE-T7644C-600px-transparent.png 600w, https:\/\/electro-seb.fr\/wp-content\/uploads\/2019\/10\/s\u00e8che-linge-condensation-MIELE-T7644C-600px-transparent-169x300.png 169w, https:\/\/electro-seb.fr\/wp-content\/uploads\/2019\/10\/s\u00e8che-linge-condensation-MIELE-T7644C-600px-transparent-576x1024.png 576w\" sizes=\"auto, (max-width: 600px) 100vw, 600px\" \/>\t\t\t\t\t\t\t\t\t\t\t<figcaption class=\"widget-image-caption wp-caption-text\">S\u00e8che-linge \u00e0 condensation de marque MIELE<br>Mod\u00e8le: NOVOTRONIC T7644C<br>Capacit\u00e9: 6kg<br>S\u00e9chage \u00e9lectronique par sonde<br>Affichage temps restant<br>D\u00e9part diff\u00e9r\u00e9<br>Prix: 250 euros<\/figcaption>\n\t\t\t\t\t\t\t\t\t\t<\/figure>\n\t\t\t\t\t\t\t\t<\/div>\n\t\t\t\t\t\t<\/div>\n\t\t\t\t<\/div>\n\t\t\t\t\t\t<\/div>\n\t\t\t\t\t<\/div>\n\t\t<\/div>\n\t\t\t\t<div class=\"elementor-column elementor-col-25 elementor-top-column elementor-element elementor-element-8b32c41\" data-id=\"8b32c41\" data-element_type=\"column\">\n\t\t\t<div class=\"elementor-column-wrap elementor-element-populated\">\n\t\t\t\t\t\t\t<div class=\"elementor-widget-wrap\">\n\t\t\t\t\t\t<div class=\"elementor-element elementor-element-793dd90 elementor-widget elementor-widget-image\" data-id=\"793dd90\" data-element_type=\"widget\" data-widget_type=\"image.default\">\n\t\t\t\t<div class=\"elementor-widget-container\">\n\t\t\t\t\t\t\t\t<div class=\"elementor-image\">\n\t\t\t\t\t\t\t\t\t<figure class=\"wp-caption\">\n\t\t\t\t\t\t\t\t\t\t<img loading=\"lazy\" decoding=\"async\" width=\"576\" height=\"1024\" src=\"https:\/\/electro-seb.fr\/wp-content\/uploads\/2019\/10\/s\u00e8che-linge-condensation-ELECTROLUX-pompe-\u00e0-chaleur-EDH97951W-576x1024.png\" class=\"attachment-large size-large\" alt=\"\" srcset=\"https:\/\/electro-seb.fr\/wp-content\/uploads\/2019\/10\/s\u00e8che-linge-condensation-ELECTROLUX-pompe-\u00e0-chaleur-EDH97951W-576x1024.png 576w, https:\/\/electro-seb.fr\/wp-content\/uploads\/2019\/10\/s\u00e8che-linge-condensation-ELECTROLUX-pompe-\u00e0-chaleur-EDH97951W-169x300.png 169w, https:\/\/electro-seb.fr\/wp-content\/uploads\/2019\/10\/s\u00e8che-linge-condensation-ELECTROLUX-pompe-\u00e0-chaleur-EDH97951W.png 600w\" sizes=\"auto, (max-width: 576px) 100vw, 576px\" \/>\t\t\t\t\t\t\t\t\t\t\t<figcaption class=\"widget-image-caption wp-caption-text\">S\u00e8che-linge \u00e0 condensation avec pompe \u00e0 chaleur<br>Marque: ELECTROLUX<br>Mod\u00e8le: EDH97951W<br>Capacit\u00e9: 7kg<br>Classe A -40%<br>Energy Saver<br>S\u00e9chage \u00e9lectronique par sonde<br>Affichage temps restant<br>D\u00e9part diff\u00e9r\u00e9<br>Prix: 280 euros<\/figcaption>\n\t\t\t\t\t\t\t\t\t\t<\/figure>\n\t\t\t\t\t\t\t\t<\/div>\n\t\t\t\t\t\t<\/div>\n\t\t\t\t<\/div>\n\t\t\t\t\t\t<\/div>\n\t\t\t\t\t<\/div>\n\t\t<\/div>\n\t\t\t\t<div class=\"elementor-column elementor-col-25 elementor-top-column elementor-element elementor-element-3416be5\" data-id=\"3416be5\" data-element_type=\"column\">\n\t\t\t<div class=\"elementor-column-wrap elementor-element-populated\">\n\t\t\t\t\t\t\t<div class=\"elementor-widget-wrap\">\n\t\t\t\t\t\t<div class=\"elementor-element elementor-element-983da89 elementor-widget elementor-widget-image\" data-id=\"983da89\" data-element_type=\"widget\" data-widget_type=\"image.default\">\n\t\t\t\t<div class=\"elementor-widget-container\">\n\t\t\t\t\t\t\t\t<div class=\"elementor-image\">\n\t\t\t\t\t\t\t\t\t<figure class=\"wp-caption\">\n\t\t\t\t\t\t\t\t\t\t<img loading=\"lazy\" decoding=\"async\" width=\"576\" height=\"1024\" src=\"https:\/\/electro-seb.fr\/wp-content\/uploads\/2019\/10\/s\u00e8che-linge-condensation-WHIRLPOOL-AWZ8279-600pxtransparent-576x1024.png\" class=\"attachment-large size-large\" alt=\"\" srcset=\"https:\/\/electro-seb.fr\/wp-content\/uploads\/2019\/10\/s\u00e8che-linge-condensation-WHIRLPOOL-AWZ8279-600pxtransparent-576x1024.png 576w, https:\/\/electro-seb.fr\/wp-content\/uploads\/2019\/10\/s\u00e8che-linge-condensation-WHIRLPOOL-AWZ8279-600pxtransparent-169x300.png 169w, https:\/\/electro-seb.fr\/wp-content\/uploads\/2019\/10\/s\u00e8che-linge-condensation-WHIRLPOOL-AWZ8279-600pxtransparent.png 600w\" sizes=\"auto, (max-width: 576px) 100vw, 576px\" \/>\t\t\t\t\t\t\t\t\t\t\t<figcaption class=\"widget-image-caption wp-caption-text\">S\u00e8che-linge \u00e0 condensation de marque WHIRLPOOL<br>Mod\u00e8le: AWZ 8279<br>Capacit\u00e9: 7kg<br>Classe C<br>S\u00e9chage \u00e9lectronique par sonde<br>D\u00e9part diff\u00e9r\u00e9: 3h\/6h\/9h<br>Prix: 250 euros<\/figcaption>\n\t\t\t\t\t\t\t\t\t\t<\/figure>\n\t\t\t\t\t\t\t\t<\/div>\n\t\t\t\t\t\t<\/div>\n\t\t\t\t<\/div>\n\t\t\t\t\t\t<\/div>\n\t\t\t\t\t<\/div>\n\t\t<\/div>\n\t\t\t\t<div class=\"elementor-column elementor-col-25 elementor-top-column elementor-element elementor-element-f07d429\" data-id=\"f07d429\" data-element_type=\"column\">\n\t\t\t<div class=\"elementor-column-wrap elementor-element-populated\">\n\t\t\t\t\t\t\t<div class=\"elementor-widget-wrap\">\n\t\t\t\t\t\t<div class=\"elementor-element elementor-element-b19d6ea elementor-widget elementor-widget-image\" data-id=\"b19d6ea\" data-element_type=\"widget\" data-widget_type=\"image.default\">\n\t\t\t\t<div class=\"elementor-widget-container\">\n\t\t\t\t\t\t\t\t<div class=\"elementor-image\">\n\t\t\t\t\t\t\t\t\t<figure class=\"wp-caption\">\n\t\t\t\t\t\t\t\t\t\t<img loading=\"lazy\" decoding=\"async\" width=\"600\" height=\"1066\" src=\"https:\/\/electro-seb.fr\/wp-content\/uploads\/2019\/10\/s\u00e8che-linge-condensation-ELECTROLUX-EDC78550W-600pxtransparent.png\" class=\"attachment-medium_large size-medium_large\" alt=\"\" srcset=\"https:\/\/electro-seb.fr\/wp-content\/uploads\/2019\/10\/s\u00e8che-linge-condensation-ELECTROLUX-EDC78550W-600pxtransparent.png 600w, https:\/\/electro-seb.fr\/wp-content\/uploads\/2019\/10\/s\u00e8che-linge-condensation-ELECTROLUX-EDC78550W-600pxtransparent-169x300.png 169w, https:\/\/electro-seb.fr\/wp-content\/uploads\/2019\/10\/s\u00e8che-linge-condensation-ELECTROLUX-EDC78550W-600pxtransparent-576x1024.png 576w\" sizes=\"auto, (max-width: 600px) 100vw, 600px\" \/>\t\t\t\t\t\t\t\t\t\t\t<figcaption class=\"widget-image-caption wp-caption-text\">S\u00e8che-linge \u00e0 condensation de marque ELECTROLUX<br>Mod\u00e8le: EDC 78550W<br>Capacit\u00e9: 8kg<br>Technologie inverter<br>Programmes rapides<br>S\u00e9chage \u00e9lectronique par sonde<br>Affichage temps restant<br>D\u00e9part diff\u00e9r\u00e9<br>Prix: 250 euros<\/figcaption>\n\t\t\t\t\t\t\t\t\t\t<\/figure>\n\t\t\t\t\t\t\t\t<\/div>\n\t\t\t\t\t\t<\/div>\n\t\t\t\t<\/div>\n\t\t\t\t\t\t<\/div>\n\t\t\t\t\t<\/div>\n\t\t<\/div>\n\t\t\t\t\t\t\t\t<\/div>\n\t\t\t\t\t<\/div>\n\t\t<\/section>\n\t\t\t\t<section class=\"elementor-section elementor-top-section elementor-element elementor-element-30564df elementor-section-boxed elementor-section-height-default elementor-section-height-default\" data-id=\"30564df\" data-element_type=\"section\">\n\t\t\t\t\t\t<div class=\"elementor-container elementor-column-gap-default\">\n\t\t\t\t\t\t\t<div class=\"elementor-row\">\n\t\t\t\t\t<div class=\"elementor-column elementor-col-100 elementor-top-column elementor-element elementor-element-42dcbb4\" data-id=\"42dcbb4\" data-element_type=\"column\">\n\t\t\t<div class=\"elementor-column-wrap elementor-element-populated\">\n\t\t\t\t\t\t\t<div class=\"elementor-widget-wrap\">\n\t\t\t\t\t\t<div class=\"elementor-element elementor-element-a8235db elementor-widget elementor-widget-text-editor\" data-id=\"a8235db\" data-element_type=\"widget\" data-widget_type=\"text-editor.default\">\n\t\t\t\t<div class=\"elementor-widget-container\">\n\t\t\t\t\t\t\t\t<div class=\"elementor-text-editor elementor-clearfix\">\n\t\t\t\t<p style=\"text-align: center;\">D&rsquo;autres mod\u00e8les disponibles.<\/p>\t\t\t\t\t<\/div>\n\t\t\t\t\t\t<\/div>\n\t\t\t\t<\/div>\n\t\t\t\t\t\t<\/div>\n\t\t\t\t\t<\/div>\n\t\t<\/div>\n\t\t\t\t\t\t\t\t<\/div>\n\t\t\t\t\t<\/div>\n\t\t<\/section>\n\t\t\t\t<section class=\"elementor-section elementor-top-section elementor-element elementor-element-f29ac1a elementor-section-boxed elementor-section-height-default elementor-section-height-default\" data-id=\"f29ac1a\" data-element_type=\"section\">\n\t\t\t\t\t\t<div class=\"elementor-container elementor-column-gap-default\">\n\t\t\t\t\t\t\t<div class=\"elementor-row\">\n\t\t\t\t\t<div class=\"elementor-column elementor-col-100 elementor-top-column elementor-element elementor-element-97d7ace\" data-id=\"97d7ace\" data-element_type=\"column\">\n\t\t\t<div class=\"elementor-column-wrap elementor-element-populated\">\n\t\t\t\t\t\t\t<div class=\"elementor-widget-wrap\">\n\t\t\t\t\t\t<div class=\"elementor-element elementor-element-6f09661 elementor-widget elementor-widget-text-editor\" data-id=\"6f09661\" data-element_type=\"widget\" data-widget_type=\"text-editor.default\">\n\t\t\t\t<div class=\"elementor-widget-container\">\n\t\t\t\t\t\t\t\t<div class=\"elementor-text-editor elementor-clearfix\">\n\t\t\t\t<p style=\"text-align: center;\">Pour tout achat, un service de livraison dans les environs est possible: tarif variable en fonction de la distance.<\/p>\t\t\t\t\t<\/div>\n\t\t\t\t\t\t<\/div>\n\t\t\t\t<\/div>\n\t\t\t\t\t\t<\/div>\n\t\t\t\t\t<\/div>\n\t\t<\/div>\n\t\t\t\t\t\t\t\t<\/div>\n\t\t\t\t\t<\/div>\n\t\t<\/section>\n\t\t\t\t\t\t<\/div>\n\t\t\t\t\t\t<\/div>\n\t\t\t\t\t<\/div>\n\t\t","protected":false},"excerpt":{"rendered":"<p>S\u00e8che-linge condensation S\u00e8che-linge \u00e0 condensation de marque MIELEMod\u00e8le: NOVOTRONIC T7644CCapacit\u00e9: 6kgS\u00e9chage \u00e9lectronique par sondeAffichage temps restantD\u00e9part diff\u00e9r\u00e9Prix: 250 euros S\u00e8che-linge \u00e0 condensation avec pompe \u00e0 chaleurMarque: ELECTROLUXMod\u00e8le: EDH97951WCapacit\u00e9: 7kgClasse A -40%Energy SaverS\u00e9chage \u00e9lectronique par sondeAffichage temps restantD\u00e9part diff\u00e9r\u00e9Prix: 280 euros S\u00e8che-linge \u00e0 condensation de marque WHIRLPOOLMod\u00e8le: AWZ 8279Capacit\u00e9: 7kgClasse CS\u00e9chage \u00e9lectronique par sondeD\u00e9part diff\u00e9r\u00e9: 3h\/6h\/9hPrix: &hellip;<\/p>\n<p class=\"read-more\"> <a class=\"\" href=\"https:\/\/electro-seb.fr\/index.php\/seche-linge-a-condensation\/\"> <span class=\"screen-reader-text\">S\u00e8che-linge \u00e0 condensation<\/span> Lire la suite\u00a0\u00bb<\/a><\/p>\n","protected":false},"author":1,"featured_media":0,"parent":0,"menu_order":0,"comment_status":"closed","ping_status":"closed","template":"","meta":{"sfsi_plus_gutenberg_text_before_share":"","sfsi_plus_gutenberg_show_text_before_share":"","sfsi_plus_gutenberg_icon_type":"","sfsi_plus_gutenberg_icon_alignemt":"","sfsi_plus_gutenburg_max_per_row":"","site-sidebar-layout":"no-sidebar","site-content-layout":"page-builder","ast-main-header-display":"","ast-hfb-above-header-display":"","ast-hfb-below-header-display":"","ast-hfb-mobile-header-display":"","site-post-title":"disabled","ast-breadcrumbs-content":"","ast-featured-img":"disabled","footer-sml-layout":"","theme-transparent-header-meta":"default","adv-header-id-meta":"","stick-header-meta":"","header-above-stick-meta":"","header-main-stick-meta":"","header-below-stick-meta":"","footnotes":""},"class_list":["post-1146","page","type-page","status-publish","hentry"],"yoast_head":"<!-- This site is optimized with the Yoast SEO plugin v24.9 - https:\/\/yoast.com\/wordpress\/plugins\/seo\/ -->\n<title>S\u00e8che-linge \u00e0 condensation - Electro SEB<\/title>\n<meta name=\"robots\" content=\"index, follow, max-snippet:-1, max-image-preview:large, max-video-preview:-1\" \/>\n<link rel=\"canonical\" href=\"https:\/\/electro-seb.fr\/index.php\/seche-linge-a-condensation\/\" \/>\n<meta property=\"og:locale\" content=\"fr_FR\" \/>\n<meta property=\"og:type\" content=\"article\" \/>\n<meta property=\"og:title\" content=\"S\u00e8che-linge \u00e0 condensation - Electro SEB\" \/>\n<meta property=\"og:description\" content=\"S\u00e8che-linge condensation S\u00e8che-linge \u00e0 condensation de marque MIELEMod\u00e8le: NOVOTRONIC T7644CCapacit\u00e9: 6kgS\u00e9chage \u00e9lectronique par sondeAffichage temps restantD\u00e9part diff\u00e9r\u00e9Prix: 250 euros S\u00e8che-linge \u00e0 condensation avec pompe \u00e0 chaleurMarque: ELECTROLUXMod\u00e8le: EDH97951WCapacit\u00e9: 7kgClasse A -40%Energy SaverS\u00e9chage \u00e9lectronique par sondeAffichage temps restantD\u00e9part diff\u00e9r\u00e9Prix: 280 euros S\u00e8che-linge \u00e0 condensation de marque WHIRLPOOLMod\u00e8le: AWZ 8279Capacit\u00e9: 7kgClasse CS\u00e9chage \u00e9lectronique par sondeD\u00e9part diff\u00e9r\u00e9: 3h\/6h\/9hPrix: &hellip; S\u00e8che-linge \u00e0 condensation Lire la suite\u00a0\u00bb\" \/>\n<meta property=\"og:url\" content=\"https:\/\/electro-seb.fr\/index.php\/seche-linge-a-condensation\/\" \/>\n<meta property=\"og:site_name\" content=\"Electro SEB\" \/>\n<meta property=\"article:publisher\" content=\"https:\/\/www.facebook.com\/SebAbitbol\/\" \/>\n<meta property=\"article:modified_time\" content=\"2019-10-23T15:16:57+00:00\" \/>\n<meta property=\"og:image\" content=\"https:\/\/electro-seb.fr\/wp-content\/uploads\/2019\/10\/s\u00e8che-linge-condensation-MIELE-T7644C-600px-transparent.png\" \/>\n<meta name=\"twitter:card\" content=\"summary_large_image\" \/>\n<meta name=\"twitter:label1\" content=\"Dur\u00e9e de lecture estim\u00e9e\" \/>\n\t<meta name=\"twitter:data1\" content=\"1 minute\" \/>\n<script type=\"application\/ld+json\" class=\"yoast-schema-graph\">{\"@context\":\"https:\/\/schema.org\",\"@graph\":[{\"@type\":\"WebPage\",\"@id\":\"https:\/\/electro-seb.fr\/index.php\/seche-linge-a-condensation\/\",\"url\":\"https:\/\/electro-seb.fr\/index.php\/seche-linge-a-condensation\/\",\"name\":\"S\u00e8che-linge \u00e0 condensation - Electro SEB\",\"isPartOf\":{\"@id\":\"https:\/\/electro-seb.fr\/#website\"},\"datePublished\":\"2019-10-12T12:25:47+00:00\",\"dateModified\":\"2019-10-23T15:16:57+00:00\",\"breadcrumb\":{\"@id\":\"https:\/\/electro-seb.fr\/index.php\/seche-linge-a-condensation\/#breadcrumb\"},\"inLanguage\":\"fr-FR\",\"potentialAction\":[{\"@type\":\"ReadAction\",\"target\":[\"https:\/\/electro-seb.fr\/index.php\/seche-linge-a-condensation\/\"]}]},{\"@type\":\"BreadcrumbList\",\"@id\":\"https:\/\/electro-seb.fr\/index.php\/seche-linge-a-condensation\/#breadcrumb\",\"itemListElement\":[{\"@type\":\"ListItem\",\"position\":1,\"name\":\"Accueil\",\"item\":\"https:\/\/electro-seb.fr\/\"},{\"@type\":\"ListItem\",\"position\":2,\"name\":\"S\u00e8che-linge \u00e0 condensation\"}]},{\"@type\":\"WebSite\",\"@id\":\"https:\/\/electro-seb.fr\/#website\",\"url\":\"https:\/\/electro-seb.fr\/\",\"name\":\"Electro SEB\",\"description\":\"Un site cr\u00e9er par S\u00e9bastien Abitbol\",\"publisher\":{\"@id\":\"https:\/\/electro-seb.fr\/#organization\"},\"potentialAction\":[{\"@type\":\"SearchAction\",\"target\":{\"@type\":\"EntryPoint\",\"urlTemplate\":\"https:\/\/electro-seb.fr\/?s={search_term_string}\"},\"query-input\":{\"@type\":\"PropertyValueSpecification\",\"valueRequired\":true,\"valueName\":\"search_term_string\"}}],\"inLanguage\":\"fr-FR\"},{\"@type\":\"Organization\",\"@id\":\"https:\/\/electro-seb.fr\/#organization\",\"name\":\"Electro SEB\",\"url\":\"https:\/\/electro-seb.fr\/\",\"logo\":{\"@type\":\"ImageObject\",\"inLanguage\":\"fr-FR\",\"@id\":\"https:\/\/electro-seb.fr\/#\/schema\/logo\/image\/\",\"url\":\"https:\/\/electro-seb.fr\/wp-content\/uploads\/2019\/10\/cropped-ELECTRO-SEB-LOGO-MODIFIER-OK1-1.png\",\"contentUrl\":\"https:\/\/electro-seb.fr\/wp-content\/uploads\/2019\/10\/cropped-ELECTRO-SEB-LOGO-MODIFIER-OK1-1.png\",\"width\":500,\"height\":400,\"caption\":\"Electro SEB\"},\"image\":{\"@id\":\"https:\/\/electro-seb.fr\/#\/schema\/logo\/image\/\"},\"sameAs\":[\"https:\/\/www.facebook.com\/SebAbitbol\/\"]}]}<\/script>\n<!-- \/ Yoast SEO plugin. -->","yoast_head_json":{"title":"S\u00e8che-linge \u00e0 condensation - Electro SEB","robots":{"index":"index","follow":"follow","max-snippet":"max-snippet:-1","max-image-preview":"max-image-preview:large","max-video-preview":"max-video-preview:-1"},"canonical":"https:\/\/electro-seb.fr\/index.php\/seche-linge-a-condensation\/","og_locale":"fr_FR","og_type":"article","og_title":"S\u00e8che-linge \u00e0 condensation - Electro SEB","og_description":"S\u00e8che-linge condensation S\u00e8che-linge \u00e0 condensation de marque MIELEMod\u00e8le: NOVOTRONIC T7644CCapacit\u00e9: 6kgS\u00e9chage \u00e9lectronique par sondeAffichage temps restantD\u00e9part diff\u00e9r\u00e9Prix: 250 euros S\u00e8che-linge \u00e0 condensation avec pompe \u00e0 chaleurMarque: ELECTROLUXMod\u00e8le: EDH97951WCapacit\u00e9: 7kgClasse A -40%Energy SaverS\u00e9chage \u00e9lectronique par sondeAffichage temps restantD\u00e9part diff\u00e9r\u00e9Prix: 280 euros S\u00e8che-linge \u00e0 condensation de marque WHIRLPOOLMod\u00e8le: AWZ 8279Capacit\u00e9: 7kgClasse CS\u00e9chage \u00e9lectronique par sondeD\u00e9part diff\u00e9r\u00e9: 3h\/6h\/9hPrix: &hellip; S\u00e8che-linge \u00e0 condensation Lire la suite\u00a0\u00bb","og_url":"https:\/\/electro-seb.fr\/index.php\/seche-linge-a-condensation\/","og_site_name":"Electro SEB","article_publisher":"https:\/\/www.facebook.com\/SebAbitbol\/","article_modified_time":"2019-10-23T15:16:57+00:00","og_image":[{"url":"https:\/\/electro-seb.fr\/wp-content\/uploads\/2019\/10\/s\u00e8che-linge-condensation-MIELE-T7644C-600px-transparent.png","type":"","width":"","height":""}],"twitter_card":"summary_large_image","twitter_misc":{"Dur\u00e9e de lecture estim\u00e9e":"1 minute"},"schema":{"@context":"https:\/\/schema.org","@graph":[{"@type":"WebPage","@id":"https:\/\/electro-seb.fr\/index.php\/seche-linge-a-condensation\/","url":"https:\/\/electro-seb.fr\/index.php\/seche-linge-a-condensation\/","name":"S\u00e8che-linge \u00e0 condensation - Electro SEB","isPartOf":{"@id":"https:\/\/electro-seb.fr\/#website"},"datePublished":"2019-10-12T12:25:47+00:00","dateModified":"2019-10-23T15:16:57+00:00","breadcrumb":{"@id":"https:\/\/electro-seb.fr\/index.php\/seche-linge-a-condensation\/#breadcrumb"},"inLanguage":"fr-FR","potentialAction":[{"@type":"ReadAction","target":["https:\/\/electro-seb.fr\/index.php\/seche-linge-a-condensation\/"]}]},{"@type":"BreadcrumbList","@id":"https:\/\/electro-seb.fr\/index.php\/seche-linge-a-condensation\/#breadcrumb","itemListElement":[{"@type":"ListItem","position":1,"name":"Accueil","item":"https:\/\/electro-seb.fr\/"},{"@type":"ListItem","position":2,"name":"S\u00e8che-linge \u00e0 condensation"}]},{"@type":"WebSite","@id":"https:\/\/electro-seb.fr\/#website","url":"https:\/\/electro-seb.fr\/","name":"Electro SEB","description":"Un site cr\u00e9er par S\u00e9bastien Abitbol","publisher":{"@id":"https:\/\/electro-seb.fr\/#organization"},"potentialAction":[{"@type":"SearchAction","target":{"@type":"EntryPoint","urlTemplate":"https:\/\/electro-seb.fr\/?s={search_term_string}"},"query-input":{"@type":"PropertyValueSpecification","valueRequired":true,"valueName":"search_term_string"}}],"inLanguage":"fr-FR"},{"@type":"Organization","@id":"https:\/\/electro-seb.fr\/#organization","name":"Electro SEB","url":"https:\/\/electro-seb.fr\/","logo":{"@type":"ImageObject","inLanguage":"fr-FR","@id":"https:\/\/electro-seb.fr\/#\/schema\/logo\/image\/","url":"https:\/\/electro-seb.fr\/wp-content\/uploads\/2019\/10\/cropped-ELECTRO-SEB-LOGO-MODIFIER-OK1-1.png","contentUrl":"https:\/\/electro-seb.fr\/wp-content\/uploads\/2019\/10\/cropped-ELECTRO-SEB-LOGO-MODIFIER-OK1-1.png","width":500,"height":400,"caption":"Electro SEB"},"image":{"@id":"https:\/\/electro-seb.fr\/#\/schema\/logo\/image\/"},"sameAs":["https:\/\/www.facebook.com\/SebAbitbol\/"]}]}},"uagb_featured_image_src":{"full":false,"thumbnail":false,"medium":false,"medium_large":false,"large":false,"1536x1536":false,"2048x2048":false},"uagb_author_info":{"display_name":"admin3661","author_link":"https:\/\/electro-seb.fr\/index.php\/author\/admin3661\/"},"uagb_comment_info":0,"uagb_excerpt":"S\u00e8che-linge condensation S\u00e8che-linge \u00e0 condensation de marque MIELEMod\u00e8le: NOVOTRONIC T7644CCapacit\u00e9: 6kgS\u00e9chage \u00e9lectronique par sondeAffichage temps restantD\u00e9part diff\u00e9r\u00e9Prix: 250 euros S\u00e8che-linge \u00e0 condensation avec pompe \u00e0 chaleurMarque: ELECTROLUXMod\u00e8le: EDH97951WCapacit\u00e9: 7kgClasse A -40%Energy SaverS\u00e9chage \u00e9lectronique par sondeAffichage temps restantD\u00e9part diff\u00e9r\u00e9Prix: 280 euros S\u00e8che-linge \u00e0 condensation de marque WHIRLPOOLMod\u00e8le: AWZ 8279Capacit\u00e9: 7kgClasse CS\u00e9chage \u00e9lectronique par sondeD\u00e9part diff\u00e9r\u00e9: 3h\/6h\/9hPrix:\u2026","_links":{"self":[{"href":"https:\/\/electro-seb.fr\/index.php\/wp-json\/wp\/v2\/pages\/1146","targetHints":{"allow":["GET"]}}],"collection":[{"href":"https:\/\/electro-seb.fr\/index.php\/wp-json\/wp\/v2\/pages"}],"about":[{"href":"https:\/\/electro-seb.fr\/index.php\/wp-json\/wp\/v2\/types\/page"}],"author":[{"embeddable":true,"href":"https:\/\/electro-seb.fr\/index.php\/wp-json\/wp\/v2\/users\/1"}],"replies":[{"embeddable":true,"href":"https:\/\/electro-seb.fr\/index.php\/wp-json\/wp\/v2\/comments?post=1146"}],"version-history":[{"count":31,"href":"https:\/\/electro-seb.fr\/index.php\/wp-json\/wp\/v2\/pages\/1146\/revisions"}],"predecessor-version":[{"id":1547,"href":"https:\/\/electro-seb.fr\/index.php\/wp-json\/wp\/v2\/pages\/1146\/revisions\/1547"}],"wp:attachment":[{"href":"https:\/\/electro-seb.fr\/index.php\/wp-json\/wp\/v2\/media?parent=1146"}],"curies":[{"name":"wp","href":"https:\/\/api.w.org\/{rel}","templated":true}]}}