{"id":3,"date":"2019-09-20T16:03:44","date_gmt":"2019-09-20T14:03:44","guid":{"rendered":"http:\/\/electro-seb.fr\/?page_id=3"},"modified":"2019-10-23T16:48:55","modified_gmt":"2019-10-23T14:48:55","slug":"politique-de-confidentialite","status":"publish","type":"page","link":"https:\/\/electro-seb.fr\/index.php\/politique-de-confidentialite\/","title":{"rendered":"Politique de confidentialit\u00e9"},"content":{"rendered":"\t\t<div data-elementor-type=\"wp-page\" data-elementor-id=\"3\" class=\"elementor elementor-3\" data-elementor-settings=\"[]\">\n\t\t\t\t\t\t<div class=\"elementor-inner\">\n\t\t\t\t\t\t\t<div class=\"elementor-section-wrap\">\n\t\t\t\t\t\t\t<section class=\"elementor-section elementor-top-section elementor-element elementor-element-47e4454 elementor-section-boxed elementor-section-height-default elementor-section-height-default\" data-id=\"47e4454\" data-element_type=\"section\">\n\t\t\t\t\t\t<div class=\"elementor-container elementor-column-gap-default\">\n\t\t\t\t\t\t\t<div class=\"elementor-row\">\n\t\t\t\t\t<div class=\"elementor-column elementor-col-100 elementor-top-column elementor-element elementor-element-eb46833\" data-id=\"eb46833\" data-element_type=\"column\">\n\t\t\t<div class=\"elementor-column-wrap elementor-element-populated\">\n\t\t\t\t\t\t\t<div class=\"elementor-widget-wrap\">\n\t\t\t\t\t\t<div class=\"elementor-element elementor-element-23d3071 elementor-widget elementor-widget-text-editor\" data-id=\"23d3071\" data-element_type=\"widget\" data-widget_type=\"text-editor.default\">\n\t\t\t\t<div class=\"elementor-widget-container\">\n\t\t\t\t\t\t\t\t<div class=\"elementor-text-editor elementor-clearfix\">\n\t\t\t\t<p style=\"text-align: center;\">Politique de confidentialit\u00e9<\/p>\t\t\t\t\t<\/div>\n\t\t\t\t\t\t<\/div>\n\t\t\t\t<\/div>\n\t\t\t\t\t\t<\/div>\n\t\t\t\t\t<\/div>\n\t\t<\/div>\n\t\t\t\t\t\t\t\t<\/div>\n\t\t\t\t\t<\/div>\n\t\t<\/section>\n\t\t\t\t<section class=\"elementor-section elementor-top-section elementor-element elementor-element-b056c1e elementor-section-boxed elementor-section-height-default elementor-section-height-default\" data-id=\"b056c1e\" data-element_type=\"section\">\n\t\t\t\t\t\t<div class=\"elementor-container elementor-column-gap-default\">\n\t\t\t\t\t\t\t<div class=\"elementor-row\">\n\t\t\t\t\t<div class=\"elementor-column elementor-col-100 elementor-top-column elementor-element elementor-element-383ae520\" data-id=\"383ae520\" data-element_type=\"column\">\n\t\t\t<div class=\"elementor-column-wrap elementor-element-populated\">\n\t\t\t\t\t\t\t<div class=\"elementor-widget-wrap\">\n\t\t\t\t\t\t<div class=\"elementor-element elementor-element-23915fb4 elementor-widget elementor-widget-text-editor\" data-id=\"23915fb4\" data-element_type=\"widget\" data-widget_type=\"text-editor.default\">\n\t\t\t\t<div class=\"elementor-widget-container\">\n\t\t\t\t\t\t\t\t<div class=\"elementor-text-editor elementor-clearfix\">\n\t\t\t\t<p><!-- wp:heading --><\/p>\n<h2><span style=\"color: #ffffff;\">Qui sommes-nous\u00a0?<\/span><\/h2>\n<p><span style=\"color: #ffffff;\"><!-- \/wp:heading --><\/span><\/p>\n<p><span style=\"color: #ffffff;\"><!-- wp:paragraph --><\/span><\/p>\n<p><span style=\"color: #ffffff;\">L\u2019adresse de notre site Web est\u00a0: https:\/\/electro-seb.fr.<\/span><\/p>\n<p><span style=\"color: #ffffff;\"><!-- \/wp:paragraph --><\/span><\/p>\n<p><span style=\"color: #ffffff;\"><!-- wp:heading --><\/span><\/p>\n<h2><span style=\"color: #ffffff;\">Utilisation des donn\u00e9es personnelles collect\u00e9es<\/span><\/h2>\n<div>\n<p><span style=\"color: #ffffff;\"><br \/>INTRODUCTION<\/span><\/p>\n<p>Chez Electro Seb, nous faisons tout pour garantir la protection de votre vie priv\u00e9e quand vous utilisez nos services.<br \/>Des directives sont \u00e9tablies pour traiter et prot\u00e9ger vos donn\u00e9es personnelles.<br \/>Quand vous venez sur notre site, vous pouvez venir sur cette page v\u00e9rifier s\u2019il y a eu des changements :-). Que vous soyez visiteur ou client, vous \u00eates concern\u00e9 par ces lignes !<br \/>\u00a0<\/p>\n<\/div>\n<p><span style=\"color: #ffffff;\"><!-- \/wp:heading --><\/span><\/p>\n<p><span style=\"color: #ffffff;\"><!-- wp:heading {\"level\":3} --><\/span><\/p>\n<h3><span style=\"color: #ffffff;\">Commentaires<\/span><\/h3>\n<p><span style=\"color: #ffffff;\"><!-- \/wp:heading --><\/span><\/p>\n<p><span style=\"color: #ffffff;\"><!-- wp:paragraph --><\/span><\/p>\n<p><span style=\"color: #ffffff;\">Quand vous laissez un commentaire sur notre site web, les donn\u00e9es inscrites dans le formulaire de commentaire, mais aussi votre adresse IP et l\u2019agent utilisateur de votre navigateur sont collect\u00e9s pour nous aider \u00e0 la d\u00e9tection des commentaires ind\u00e9sirables.<\/span><\/p>\n<p><span style=\"color: #ffffff;\"><!-- \/wp:paragraph --><\/span><\/p>\n<p><span style=\"color: #ffffff;\"><!-- wp:paragraph --><\/span><\/p>\n<p><span style=\"color: #ffffff;\">Une cha\u00eene anonymis\u00e9e cr\u00e9\u00e9e \u00e0 partir de votre adresse de messagerie (\u00e9galement appel\u00e9e hash) peut \u00eatre envoy\u00e9e au service Gravatar pour v\u00e9rifier si vous utilisez ce dernier. Les clauses de confidentialit\u00e9 du service Gravatar sont disponibles ici\u00a0: https:\/\/automattic.com\/privacy\/. Apr\u00e8s validation de votre commentaire, votre photo de profil sera visible publiquement \u00e0 cot\u00e9 de votre commentaire.<\/span><\/p>\n<p><span style=\"color: #ffffff;\"><!-- \/wp:paragraph --><\/span><\/p>\n<p><span style=\"color: #ffffff;\"><!-- wp:heading {\"level\":3} --><\/span><\/p>\n<h3>Formulaires de contact<\/h3>\n<p><span style=\"color: #ffffff;\"><br \/>Le formulaire de contact est disponible \u00e0 l\u2019adresse suivante : https:\/\/wpstrategie.fr\/contact\/ Il ne stocke aucune information en base de donn\u00e9es. Les informations sont uniquement transmises par email \u00e0 l\u2019adresse de contact de WP Strat\u00e9gie. Aucune statistique ou revente n\u2019est effectu\u00e9 \u00e0 partir de vos donn\u00e9es personnelles. <\/span><\/p>\n<div>\n<p><strong style=\"font-size: 20px;\">Qui est responsable de vos donn\u00e9es personnelles ?<\/strong><\/p>\n<p><span style=\"font-size: 20px;\">C\u2019est l\u2019entreprise Electro Seb qui est responsable de vos donn\u00e9es personnelles\u00a0et agit conform\u00e9ment\u00a0\u00e0 la loi en vigueur.<\/span><\/p>\n<\/div>\n<p><strong>O\u00f9 vos donn\u00e9es personnelles sont-elles stock\u00e9es ?<\/strong><\/p>\n<p>Vos donn\u00e9es personnelles sont conserv\u00e9es sur des serveurs s\u00e9curis\u00e9s chez nos prestataires de services Internet, comme par exemple chez notre h\u00e9bergeur OVH.<\/p>\n<p><strong>Quels types de donn\u00e9es personnelles collectons-nous ?<\/strong><\/p>\n<p>Quand vous laissez un commentaire sur le site via le formulaire de contact, vous nous fournissez des donn\u00e9es\u00a0telles que\u00a0: votre nom, pr\u00e9nom, adresse mail, num\u00e9ro de t\u00e9l\u00e9phone, adresse de connexion.<\/p>\n<p><strong>Comment utilisons-nous vos donn\u00e9es personnelles ?<\/strong><\/p>\n<p>Voil\u00e0 dans quels cas nous pourrions utiliser vos donn\u00e9es personnelles\u00a0:\u00a0<\/p>\n<ul>\n<li>vous notifier l\u2019\u00e9tat de votre commande en cas d\u2019achat d\u2019un article d\u2019occasion<\/li>\n<li>vous contacter en cas de souci de livraison sur vos articles<\/li>\n<li>r\u00e9pondre \u00e0 vos questions et vous apporter des informations relatives \u00e0 nos services\u00a0<\/li>\n<li>vous envoyer des promotions, vous informer des soldes, vous envoyer des informations commerciales concernant les nouveaux articles d\u2019occasion<\/li>\n<li>pr\u00e9venir l\u2019utilisation abusive ou non conforme de nos services<\/li>\n<\/ul>\n<p>Nous ne conserverons vos donn\u00e9es que le temps n\u00e9cessaire \u00e0 l\u2019accomplissement des t\u00e2ches susmentionn\u00e9es ou dans les limites prescrites par la loi. Vos donn\u00e9es personnelles seront supprim\u00e9es par la suite.<\/p>\n<p><strong>Quels sont vos droits ?<\/strong><\/p>\n<p>A tout moment, vous pouvez nous demander quels renseignements nous d\u00e9tenons \u00e0 votre sujet et ce, gratuitement.<\/p>\n<p>Si vous constatez que ces donn\u00e9es sont erron\u00e9es, incompl\u00e8tes ou non pertinentes, nous pouvons les corriger ou les supprimer, si vous nous le demandez.<\/p>\n<p>Ce droit s\u2019exerce dans la limite de la l\u00e9galit\u00e9 (n\u00e9cessit\u00e9 comptable par exemple) ou\u00a0\u00a0l\u00e9gitimit\u00e9 (litige d\u2019impay\u00e9 par exemple).<\/p>\n<p>Si vous ne souhaitez pas que nous utilisions vos donn\u00e9es \u00e0 des fins commerciales, vous pouvez simplement en faire la demande \u00e0 Electro Seb \u2013 5 impasse des Cact\u00e9es\u2013 13220 Ch\u00e2teauneuf-les-Martigues ou en envoyant un e-mail \u00e0 l\u2019adresse suivante :\u00a0<span style=\"font-size: 20px;\">contact@electro-seb.fr<\/span><\/p>\n<p><strong>Qui a acc\u00e8s \u00e0 vos donn\u00e9es personnelles ?\u00a0<\/strong><\/p>\n<p>Vos donn\u00e9es ne font jamais l\u2019objet de vente, \u00e9change ou communication \u00e0 des tiers.<\/p>\n<p>Par contre,\u00a0\u00a0elles peuvent \u00eatre transmises \u00e0 des tiers par n\u00e9cessit\u00e9 d\u2019ex\u00e9cution du service rendu par Electro Seb, comme par exemple \u00e0 des agences de recouvrement de cr\u00e9ances \u00e0 des fins de v\u00e9rification de solvabilit\u00e9, de v\u00e9rification d\u2019identit\u00e9 et le recouvrement de cr\u00e9ances, sont uniquement utilis\u00e9es pour vous fournir les services susmentionn\u00e9s.<\/p>\n<p><strong>Comment prot\u00e9geons-nous vos donn\u00e9es personnelles ?<\/strong><\/p>\n<p>L\u2019entreprise Electro Seb met tout en \u0153uvre pour emp\u00eacher la perte, le vol ou la manipulation non autoris\u00e9e de vos donn\u00e9es.<\/p>\n<p>Nous exer\u00e7ons une veille juridique afin de nous adapter au plus pr\u00e8s des exigences l\u00e9gales en mati\u00e8re de protection des donn\u00e9es personnelles.<\/p>\n<p><strong>Cookies\u00a0<\/strong><\/p>\n<p>Un cookie est un petit\u00a0g\u00e2teau d\u00e9licieux (je vous envoie ma recette sur simple demande). C\u2019est aussi un fichier texte sauvegard\u00e9 sur votre ordinateur ou votre appareil mobile, puis r\u00e9cup\u00e9r\u00e9 lors de vos visites ult\u00e9rieures. Electro-seb.fr utilise ces cookies pour que votre consultation du site soit plus simple et plus agr\u00e9able.\u00a0<\/p>\n<p>Les cookies ne sont en aucun cas utilis\u00e9s pour conserver vos donn\u00e9es ni les transmettre \u00e0 des tiers.<\/p>\n<p>Il existe deux types de cookies :\u00a0au chocolat ou aux noix. Au niveau informatique, il existe les persistants et les volatils (cookies de session).\u00a0<\/p>\n<p>Les cookies persistants sont stock\u00e9s sous forme de fichier sur votre ordinateur ou votre appareil mobile pendant une dur\u00e9e maximum de\u00a0\u00a012 mois.\u00a0<\/p>\n<p>Les cookies volatils sont stock\u00e9s temporairement et disparaissent d\u00e8s la fermeture de votre session de navigation. Nous utilisons des cookies persistants pour conserver vos donn\u00e9es personnelles si vous cochez \u00ab Se souvenir de moi \u00bb quand vous vous connectez. Nous utilisons des cookies volatils pour v\u00e9rifier si vous \u00eates connect\u00e9.<\/p>\n<p>Vous pouvez facilement effacer les cookies de votre ordinateur ou de votre appareil mobile \u00e0 l\u2019aide de votre navigateur.\u00a0<\/p>\n<p>Pour la gestion des cookies et de vos choix, la configuration de chaque navigateur est diff\u00e9rente. Elle est d\u00e9crite dans le menu d\u2019aide de votre navigateur, qui vous permettra de savoir de quelle mani\u00e8re modifier vos souhaits en mati\u00e8re de cookies.<br \/>Pour Internet Explorer\u2122 :\u00a0<a href=\"http:\/\/windows.microsoft.com\/fr-FR\/windows-vista\/Block-or-allow-cookies\">http:\/\/windows.microsoft.com\/fr-FR\/windows-vista\/Block-or-allow-cookies<\/a>\u00a0,<br \/>Pour Safari\u2122 :\u00a0<a href=\"http:\/\/docs.info.apple.com\/article.html?path=Safari\/3.0\/fr\/9277.html\">http:\/\/docs.info.apple.com\/article.html?path=Safari\/3.0\/fr\/9277.html<\/a>\u00a0,<br \/>Pour Chrome\u2122 :\u00a0<a href=\"http:\/\/support.google.com\/chrome\/bin\/answer.py?hl=fr&amp;hlrm=en&amp;answer=95647\">http:\/\/support.google.com\/chrome\/bin\/answer.py?hl=fr&amp;hlrm=en&amp;answer=95647<\/a>\u00a0,<br \/>Pour Firefox\u2122 :\u00a0<a href=\"http:\/\/support.mozilla.org\/fr\/kb\/Activer%20et%20d%C3%A9sactiver%20les%20cookies\">http:\/\/support.mozilla.org\/fr\/kb\/Activer%20et%20d%C3%A9sactiver%20les%20cookies<\/a>\u00a0,<br \/>Pour Opera\u2122 :\u00a0<a href=\"http:\/\/help.opera.com\/Windows\/10.20\/fr\/cookies.html\">http:\/\/help.opera.com\/Windows\/10.20\/fr\/cookies.html<\/a><\/p>\n<p><em>Cookies tiers<\/em>\u00a0<br \/>Nous utilisons des cookies tiers afin de recueillir des statistiques sous forme agr\u00e9g\u00e9e dans des outils d\u2019analyse tels que Google Analytics. Nous utilisons \u00e9galement Google Analytics Advertising Features. Pour en savoir plus et exercer un droit de regard sur ces donn\u00e9es, rendez-vous sur la page\u00a0https:\/\/tools.google.com\/dlpage\/gaoptout\/. Ces cookies peuvent \u00eatre persistants ou volatils (cookies de session).\u00a0\u00a0<\/p>\n<p><em>Liens\u00a0<\/em><br \/>Le site electro-seb.fr est susceptible\u00a0de contenir des liens vers d\u2019autres sites qui demeurent hors de notre contr\u00f4le. Nous d\u00e9clinons toute responsabilit\u00e9 concernant la protection des donn\u00e9es ou le contenu de ces sites, mais nous fournissons ces liens pour permettre \u00e0 nos visiteurs d\u2019obtenir plus d\u2019informations sur des th\u00e8mes sp\u00e9cifiques.<\/p>\n<p><strong>Responsable des donn\u00e9es personnelles\u00a0<\/strong><\/p>\n<p><strong><em>Electro Seb<\/em><\/strong><br \/><em>5 impasse des Cact\u00e9es<\/em><br \/><em>13220 Ch\u00e2teauneuf-les-Martigues<\/em><br \/><em>France<\/em><\/p>\n<p><em>T\u00e9l\u00e9phone : +336 58 18 97 35<br \/>E-mail:\u00a0contact@electro-seb.fr<\/em><br \/><em><br \/>SIRET\u00a0: 79166461800018<br \/>Repr\u00e9sentant l\u00e9gal : Abitbol S\u00e9bastien<\/em><\/p>\n<p>Mise \u00e0 jour\u00a0: 23 octobre 2019<\/p>\n<p><!-- \/wp:heading --><\/p>\t\t\t\t\t<\/div>\n\t\t\t\t\t\t<\/div>\n\t\t\t\t<\/div>\n\t\t\t\t\t\t<\/div>\n\t\t\t\t\t<\/div>\n\t\t<\/div>\n\t\t\t\t\t\t\t\t<\/div>\n\t\t\t\t\t<\/div>\n\t\t<\/section>\n\t\t\t\t\t\t<\/div>\n\t\t\t\t\t\t<\/div>\n\t\t\t\t\t<\/div>\n\t\t","protected":false},"excerpt":{"rendered":"<p>Politique de confidentialit\u00e9 Qui sommes-nous\u00a0? L\u2019adresse de notre site Web est\u00a0: https:\/\/electro-seb.fr. Utilisation des donn\u00e9es personnelles collect\u00e9es INTRODUCTION Chez Electro Seb, nous faisons tout pour garantir la protection de votre vie priv\u00e9e quand vous utilisez nos services.Des directives sont \u00e9tablies pour traiter et prot\u00e9ger vos donn\u00e9es personnelles.Quand vous venez sur notre site, vous pouvez venir &hellip;<\/p>\n<p class=\"read-more\"> <a class=\"\" href=\"https:\/\/electro-seb.fr\/index.php\/politique-de-confidentialite\/\"> <span class=\"screen-reader-text\">Politique de confidentialit\u00e9<\/span> Lire la suite\u00a0\u00bb<\/a><\/p>\n","protected":false},"author":1,"featured_media":0,"parent":0,"menu_order":0,"comment_status":"closed","ping_status":"open","template":"elementor_header_footer","meta":{"sfsi_plus_gutenberg_text_before_share":"","sfsi_plus_gutenberg_show_text_before_share":"","sfsi_plus_gutenberg_icon_type":"","sfsi_plus_gutenberg_icon_alignemt":"","sfsi_plus_gutenburg_max_per_row":"","site-sidebar-layout":"no-sidebar","site-content-layout":"default","ast-main-header-display":"","ast-hfb-above-header-display":"","ast-hfb-below-header-display":"","ast-hfb-mobile-header-display":"","site-post-title":"","ast-breadcrumbs-content":"","ast-featured-img":"","footer-sml-layout":"","theme-transparent-header-meta":"default","adv-header-id-meta":"","stick-header-meta":"","header-above-stick-meta":"","header-main-stick-meta":"","header-below-stick-meta":"","footnotes":""},"class_list":["post-3","page","type-page","status-publish","hentry"],"yoast_head":"<!-- This site is optimized with the Yoast SEO plugin v24.9 - https:\/\/yoast.com\/wordpress\/plugins\/seo\/ -->\n<title>Politique de confidentialit\u00e9 - Electro SEB<\/title>\n<meta name=\"robots\" content=\"index, follow, max-snippet:-1, max-image-preview:large, max-video-preview:-1\" \/>\n<link rel=\"canonical\" href=\"https:\/\/electro-seb.fr\/index.php\/politique-de-confidentialite\/\" \/>\n<meta property=\"og:locale\" content=\"fr_FR\" \/>\n<meta property=\"og:type\" content=\"article\" \/>\n<meta property=\"og:title\" content=\"Politique de confidentialit\u00e9 - Electro SEB\" \/>\n<meta property=\"og:description\" content=\"Politique de confidentialit\u00e9 Qui sommes-nous\u00a0? L\u2019adresse de notre site Web est\u00a0: https:\/\/electro-seb.fr. Utilisation des donn\u00e9es personnelles collect\u00e9es INTRODUCTION Chez Electro Seb, nous faisons tout pour garantir la protection de votre vie priv\u00e9e quand vous utilisez nos services.Des directives sont \u00e9tablies pour traiter et prot\u00e9ger vos donn\u00e9es personnelles.Quand vous venez sur notre site, vous pouvez venir &hellip; Politique de confidentialit\u00e9 Lire la suite\u00a0\u00bb\" \/>\n<meta property=\"og:url\" content=\"https:\/\/electro-seb.fr\/index.php\/politique-de-confidentialite\/\" \/>\n<meta property=\"og:site_name\" content=\"Electro SEB\" \/>\n<meta property=\"article:publisher\" content=\"https:\/\/www.facebook.com\/SebAbitbol\/\" \/>\n<meta property=\"article:modified_time\" content=\"2019-10-23T14:48:55+00:00\" \/>\n<meta name=\"twitter:card\" content=\"summary_large_image\" \/>\n<meta name=\"twitter:label1\" content=\"Dur\u00e9e de lecture estim\u00e9e\" \/>\n\t<meta name=\"twitter:data1\" content=\"6 minutes\" \/>\n<script type=\"application\/ld+json\" class=\"yoast-schema-graph\">{\"@context\":\"https:\/\/schema.org\",\"@graph\":[{\"@type\":\"WebPage\",\"@id\":\"https:\/\/electro-seb.fr\/index.php\/politique-de-confidentialite\/\",\"url\":\"https:\/\/electro-seb.fr\/index.php\/politique-de-confidentialite\/\",\"name\":\"Politique de confidentialit\u00e9 - Electro SEB\",\"isPartOf\":{\"@id\":\"https:\/\/electro-seb.fr\/#website\"},\"datePublished\":\"2019-09-20T14:03:44+00:00\",\"dateModified\":\"2019-10-23T14:48:55+00:00\",\"breadcrumb\":{\"@id\":\"https:\/\/electro-seb.fr\/index.php\/politique-de-confidentialite\/#breadcrumb\"},\"inLanguage\":\"fr-FR\",\"potentialAction\":[{\"@type\":\"ReadAction\",\"target\":[\"https:\/\/electro-seb.fr\/index.php\/politique-de-confidentialite\/\"]}]},{\"@type\":\"BreadcrumbList\",\"@id\":\"https:\/\/electro-seb.fr\/index.php\/politique-de-confidentialite\/#breadcrumb\",\"itemListElement\":[{\"@type\":\"ListItem\",\"position\":1,\"name\":\"Accueil\",\"item\":\"https:\/\/electro-seb.fr\/\"},{\"@type\":\"ListItem\",\"position\":2,\"name\":\"Politique de confidentialit\u00e9\"}]},{\"@type\":\"WebSite\",\"@id\":\"https:\/\/electro-seb.fr\/#website\",\"url\":\"https:\/\/electro-seb.fr\/\",\"name\":\"Electro SEB\",\"description\":\"Un site cr\u00e9er par S\u00e9bastien Abitbol\",\"publisher\":{\"@id\":\"https:\/\/electro-seb.fr\/#organization\"},\"potentialAction\":[{\"@type\":\"SearchAction\",\"target\":{\"@type\":\"EntryPoint\",\"urlTemplate\":\"https:\/\/electro-seb.fr\/?s={search_term_string}\"},\"query-input\":{\"@type\":\"PropertyValueSpecification\",\"valueRequired\":true,\"valueName\":\"search_term_string\"}}],\"inLanguage\":\"fr-FR\"},{\"@type\":\"Organization\",\"@id\":\"https:\/\/electro-seb.fr\/#organization\",\"name\":\"Electro SEB\",\"url\":\"https:\/\/electro-seb.fr\/\",\"logo\":{\"@type\":\"ImageObject\",\"inLanguage\":\"fr-FR\",\"@id\":\"https:\/\/electro-seb.fr\/#\/schema\/logo\/image\/\",\"url\":\"https:\/\/electro-seb.fr\/wp-content\/uploads\/2019\/10\/cropped-ELECTRO-SEB-LOGO-MODIFIER-OK1-1.png\",\"contentUrl\":\"https:\/\/electro-seb.fr\/wp-content\/uploads\/2019\/10\/cropped-ELECTRO-SEB-LOGO-MODIFIER-OK1-1.png\",\"width\":500,\"height\":400,\"caption\":\"Electro SEB\"},\"image\":{\"@id\":\"https:\/\/electro-seb.fr\/#\/schema\/logo\/image\/\"},\"sameAs\":[\"https:\/\/www.facebook.com\/SebAbitbol\/\"]}]}<\/script>\n<!-- \/ Yoast SEO plugin. -->","yoast_head_json":{"title":"Politique de confidentialit\u00e9 - Electro SEB","robots":{"index":"index","follow":"follow","max-snippet":"max-snippet:-1","max-image-preview":"max-image-preview:large","max-video-preview":"max-video-preview:-1"},"canonical":"https:\/\/electro-seb.fr\/index.php\/politique-de-confidentialite\/","og_locale":"fr_FR","og_type":"article","og_title":"Politique de confidentialit\u00e9 - Electro SEB","og_description":"Politique de confidentialit\u00e9 Qui sommes-nous\u00a0? L\u2019adresse de notre site Web est\u00a0: https:\/\/electro-seb.fr. Utilisation des donn\u00e9es personnelles collect\u00e9es INTRODUCTION Chez Electro Seb, nous faisons tout pour garantir la protection de votre vie priv\u00e9e quand vous utilisez nos services.Des directives sont \u00e9tablies pour traiter et prot\u00e9ger vos donn\u00e9es personnelles.Quand vous venez sur notre site, vous pouvez venir &hellip; Politique de confidentialit\u00e9 Lire la suite\u00a0\u00bb","og_url":"https:\/\/electro-seb.fr\/index.php\/politique-de-confidentialite\/","og_site_name":"Electro SEB","article_publisher":"https:\/\/www.facebook.com\/SebAbitbol\/","article_modified_time":"2019-10-23T14:48:55+00:00","twitter_card":"summary_large_image","twitter_misc":{"Dur\u00e9e de lecture estim\u00e9e":"6 minutes"},"schema":{"@context":"https:\/\/schema.org","@graph":[{"@type":"WebPage","@id":"https:\/\/electro-seb.fr\/index.php\/politique-de-confidentialite\/","url":"https:\/\/electro-seb.fr\/index.php\/politique-de-confidentialite\/","name":"Politique de confidentialit\u00e9 - Electro SEB","isPartOf":{"@id":"https:\/\/electro-seb.fr\/#website"},"datePublished":"2019-09-20T14:03:44+00:00","dateModified":"2019-10-23T14:48:55+00:00","breadcrumb":{"@id":"https:\/\/electro-seb.fr\/index.php\/politique-de-confidentialite\/#breadcrumb"},"inLanguage":"fr-FR","potentialAction":[{"@type":"ReadAction","target":["https:\/\/electro-seb.fr\/index.php\/politique-de-confidentialite\/"]}]},{"@type":"BreadcrumbList","@id":"https:\/\/electro-seb.fr\/index.php\/politique-de-confidentialite\/#breadcrumb","itemListElement":[{"@type":"ListItem","position":1,"name":"Accueil","item":"https:\/\/electro-seb.fr\/"},{"@type":"ListItem","position":2,"name":"Politique de confidentialit\u00e9"}]},{"@type":"WebSite","@id":"https:\/\/electro-seb.fr\/#website","url":"https:\/\/electro-seb.fr\/","name":"Electro SEB","description":"Un site cr\u00e9er par S\u00e9bastien Abitbol","publisher":{"@id":"https:\/\/electro-seb.fr\/#organization"},"potentialAction":[{"@type":"SearchAction","target":{"@type":"EntryPoint","urlTemplate":"https:\/\/electro-seb.fr\/?s={search_term_string}"},"query-input":{"@type":"PropertyValueSpecification","valueRequired":true,"valueName":"search_term_string"}}],"inLanguage":"fr-FR"},{"@type":"Organization","@id":"https:\/\/electro-seb.fr\/#organization","name":"Electro SEB","url":"https:\/\/electro-seb.fr\/","logo":{"@type":"ImageObject","inLanguage":"fr-FR","@id":"https:\/\/electro-seb.fr\/#\/schema\/logo\/image\/","url":"https:\/\/electro-seb.fr\/wp-content\/uploads\/2019\/10\/cropped-ELECTRO-SEB-LOGO-MODIFIER-OK1-1.png","contentUrl":"https:\/\/electro-seb.fr\/wp-content\/uploads\/2019\/10\/cropped-ELECTRO-SEB-LOGO-MODIFIER-OK1-1.png","width":500,"height":400,"caption":"Electro SEB"},"image":{"@id":"https:\/\/electro-seb.fr\/#\/schema\/logo\/image\/"},"sameAs":["https:\/\/www.facebook.com\/SebAbitbol\/"]}]}},"uagb_featured_image_src":{"full":false,"thumbnail":false,"medium":false,"medium_large":false,"large":false,"1536x1536":false,"2048x2048":false},"uagb_author_info":{"display_name":"admin3661","author_link":"https:\/\/electro-seb.fr\/index.php\/author\/admin3661\/"},"uagb_comment_info":0,"uagb_excerpt":"Politique de confidentialit\u00e9 Qui sommes-nous\u00a0? L\u2019adresse de notre site Web est\u00a0: https:\/\/electro-seb.fr. Utilisation des donn\u00e9es personnelles collect\u00e9es INTRODUCTION Chez Electro Seb, nous faisons tout pour garantir la protection de votre vie priv\u00e9e quand vous utilisez nos services.Des directives sont \u00e9tablies pour traiter et prot\u00e9ger vos donn\u00e9es personnelles.Quand vous venez sur notre site, vous pouvez venir\u2026","_links":{"self":[{"href":"https:\/\/electro-seb.fr\/index.php\/wp-json\/wp\/v2\/pages\/3","targetHints":{"allow":["GET"]}}],"collection":[{"href":"https:\/\/electro-seb.fr\/index.php\/wp-json\/wp\/v2\/pages"}],"about":[{"href":"https:\/\/electro-seb.fr\/index.php\/wp-json\/wp\/v2\/types\/page"}],"author":[{"embeddable":true,"href":"https:\/\/electro-seb.fr\/index.php\/wp-json\/wp\/v2\/users\/1"}],"replies":[{"embeddable":true,"href":"https:\/\/electro-seb.fr\/index.php\/wp-json\/wp\/v2\/comments?post=3"}],"version-history":[{"count":26,"href":"https:\/\/electro-seb.fr\/index.php\/wp-json\/wp\/v2\/pages\/3\/revisions"}],"predecessor-version":[{"id":1533,"href":"https:\/\/electro-seb.fr\/index.php\/wp-json\/wp\/v2\/pages\/3\/revisions\/1533"}],"wp:attachment":[{"href":"https:\/\/electro-seb.fr\/index.php\/wp-json\/wp\/v2\/media?parent=3"}],"curies":[{"name":"wp","href":"https:\/\/api.w.org\/{rel}","templated":true}]}}