{"id":509,"date":"2019-10-02T22:51:11","date_gmt":"2019-10-02T20:51:11","guid":{"rendered":"http:\/\/electro-seb.fr\/?page_id=509"},"modified":"2019-10-15T19:00:43","modified_gmt":"2019-10-15T17:00:43","slug":"votre-technicien","status":"publish","type":"page","link":"https:\/\/electro-seb.fr\/index.php\/votre-technicien\/","title":{"rendered":"Votre technicien"},"content":{"rendered":"\t\t<div data-elementor-type=\"wp-page\" data-elementor-id=\"509\" class=\"elementor elementor-509\" data-elementor-settings=\"[]\">\n\t\t\t\t\t\t<div class=\"elementor-inner\">\n\t\t\t\t\t\t\t<div class=\"elementor-section-wrap\">\n\t\t\t\t\t\t\t<section class=\"elementor-section elementor-top-section elementor-element elementor-element-fc670ee elementor-section-boxed elementor-section-height-default elementor-section-height-default\" data-id=\"fc670ee\" data-element_type=\"section\">\n\t\t\t\t\t\t<div class=\"elementor-container elementor-column-gap-default\">\n\t\t\t\t\t\t\t<div class=\"elementor-row\">\n\t\t\t\t\t<div class=\"elementor-column elementor-col-100 elementor-top-column elementor-element elementor-element-95623dc\" data-id=\"95623dc\" data-element_type=\"column\">\n\t\t\t<div class=\"elementor-column-wrap elementor-element-populated\">\n\t\t\t\t\t\t\t<div class=\"elementor-widget-wrap\">\n\t\t\t\t\t\t<div class=\"elementor-element elementor-element-11c3dcf elementor-widget-divider--view-line elementor-widget elementor-widget-divider\" data-id=\"11c3dcf\" data-element_type=\"widget\" data-widget_type=\"divider.default\">\n\t\t\t\t<div class=\"elementor-widget-container\">\n\t\t\t\t\t<div class=\"elementor-divider\">\n\t\t\t<span class=\"elementor-divider-separator\">\n\t\t\t\t\t\t<\/span>\n\t\t<\/div>\n\t\t\t\t<\/div>\n\t\t\t\t<\/div>\n\t\t\t\t\t\t<\/div>\n\t\t\t\t\t<\/div>\n\t\t<\/div>\n\t\t\t\t\t\t\t\t<\/div>\n\t\t\t\t\t<\/div>\n\t\t<\/section>\n\t\t\t\t<section class=\"elementor-section elementor-top-section elementor-element elementor-element-9f09815 elementor-section-boxed elementor-section-height-default elementor-section-height-default\" data-id=\"9f09815\" data-element_type=\"section\">\n\t\t\t\t\t\t<div class=\"elementor-container elementor-column-gap-default\">\n\t\t\t\t\t\t\t<div class=\"elementor-row\">\n\t\t\t\t\t<div class=\"elementor-column elementor-col-100 elementor-top-column elementor-element elementor-element-81ac57d\" data-id=\"81ac57d\" data-element_type=\"column\">\n\t\t\t<div class=\"elementor-column-wrap elementor-element-populated\">\n\t\t\t\t\t\t\t<div class=\"elementor-widget-wrap\">\n\t\t\t\t\t\t<div class=\"elementor-element elementor-element-1045c01 elementor-widget elementor-widget-heading\" data-id=\"1045c01\" data-element_type=\"widget\" data-widget_type=\"heading.default\">\n\t\t\t\t<div class=\"elementor-widget-container\">\n\t\t\t<h2 class=\"elementor-heading-title elementor-size-xxl\">Qui suis-je?<\/h2>\t\t<\/div>\n\t\t\t\t<\/div>\n\t\t\t\t\t\t<\/div>\n\t\t\t\t\t<\/div>\n\t\t<\/div>\n\t\t\t\t\t\t\t\t<\/div>\n\t\t\t\t\t<\/div>\n\t\t<\/section>\n\t\t\t\t<section class=\"elementor-section elementor-top-section elementor-element elementor-element-fd4dc43 elementor-section-boxed elementor-section-height-default elementor-section-height-default\" data-id=\"fd4dc43\" data-element_type=\"section\">\n\t\t\t\t\t\t<div class=\"elementor-container elementor-column-gap-default\">\n\t\t\t\t\t\t\t<div class=\"elementor-row\">\n\t\t\t\t\t<div class=\"elementor-column elementor-col-100 elementor-top-column elementor-element elementor-element-2f86a93\" data-id=\"2f86a93\" data-element_type=\"column\">\n\t\t\t<div class=\"elementor-column-wrap elementor-element-populated\">\n\t\t\t\t\t\t\t<div class=\"elementor-widget-wrap\">\n\t\t\t\t\t\t<div class=\"elementor-element elementor-element-083d1db elementor-widget elementor-widget-image\" data-id=\"083d1db\" data-element_type=\"widget\" data-widget_type=\"image.default\">\n\t\t\t\t<div class=\"elementor-widget-container\">\n\t\t\t\t\t\t\t\t<div class=\"elementor-image\">\n\t\t\t\t\t\t\t\t\t\t\t\t<img loading=\"lazy\" decoding=\"async\" width=\"200\" height=\"329\" src=\"https:\/\/electro-seb.fr\/wp-content\/uploads\/2019\/09\/photo-profil-redimensionner.jpg\" class=\"attachment-full size-full\" alt=\"\" srcset=\"https:\/\/electro-seb.fr\/wp-content\/uploads\/2019\/09\/photo-profil-redimensionner.jpg 200w, https:\/\/electro-seb.fr\/wp-content\/uploads\/2019\/09\/photo-profil-redimensionner-182x300.jpg 182w\" sizes=\"auto, (max-width: 200px) 100vw, 200px\" \/>\t\t\t\t\t\t\t\t\t\t\t\t\t\t<\/div>\n\t\t\t\t\t\t<\/div>\n\t\t\t\t<\/div>\n\t\t\t\t\t\t<\/div>\n\t\t\t\t\t<\/div>\n\t\t<\/div>\n\t\t\t\t\t\t\t\t<\/div>\n\t\t\t\t\t<\/div>\n\t\t<\/section>\n\t\t\t\t<section class=\"elementor-section elementor-top-section elementor-element elementor-element-a444c98 elementor-section-boxed elementor-section-height-default elementor-section-height-default\" data-id=\"a444c98\" data-element_type=\"section\">\n\t\t\t\t\t\t<div class=\"elementor-container elementor-column-gap-default\">\n\t\t\t\t\t\t\t<div class=\"elementor-row\">\n\t\t\t\t\t<div class=\"elementor-column elementor-col-100 elementor-top-column elementor-element elementor-element-7324255\" data-id=\"7324255\" data-element_type=\"column\">\n\t\t\t<div class=\"elementor-column-wrap elementor-element-populated\">\n\t\t\t\t\t\t\t<div class=\"elementor-widget-wrap\">\n\t\t\t\t\t\t<div class=\"elementor-element elementor-element-ffe60e5 elementor-widget elementor-widget-text-editor\" data-id=\"ffe60e5\" data-element_type=\"widget\" data-widget_type=\"text-editor.default\">\n\t\t\t\t<div class=\"elementor-widget-container\">\n\t\t\t\t\t\t\t\t<div class=\"elementor-text-editor elementor-clearfix\">\n\t\t\t\t\t\t\t\t\t<\/div>\n\t\t\t\t\t\t<\/div>\n\t\t\t\t<\/div>\n\t\t\t\t<div class=\"elementor-element elementor-element-522bd91 elementor-widget elementor-widget-text-editor\" data-id=\"522bd91\" data-element_type=\"widget\" data-widget_type=\"text-editor.default\">\n\t\t\t\t<div class=\"elementor-widget-container\">\n\t\t\t\t\t\t\t\t<div class=\"elementor-text-editor elementor-clearfix\">\n\t\t\t\t<p style=\"text-align: center;\">Votre technicien en personne est dot\u00e9 des qualifications suivantes:<\/p><ul><li>Baccalaur\u00e9at S.T.I \u00e9lectronique, qui signifie: Sciences et Technologies Industrielles \u00e9lectronique.<\/li><li>Brevet de Technicien Sup\u00e9rieur I.R.I.S, qui signifie: Informatique et R\u00e9seaux pour l&rsquo;Industrie et les Services techniques.<\/li><li>Habilitations \u00e9lectriques pour personnel \u00e9lectricien UTE NF C 18-510: niveaux B1\/B1V, B2\/B2V, H1\/H1V, H2\/H2v, BR\/BS, BC\/HC, (effectu\u00e9es au centre de formation: ATSI Forma&rsquo;log).<\/li><\/ul><p style=\"text-align: center;\">De plus votre d\u00e9panneur a une exp\u00e9rience dans le domaine de la r\u00e9paration et la vente d&rsquo;appareils \u00e9lectrom\u00e9nagers d&rsquo;occasions, depuis 2013.<\/p>\t\t\t\t\t<\/div>\n\t\t\t\t\t\t<\/div>\n\t\t\t\t<\/div>\n\t\t\t\t\t\t<\/div>\n\t\t\t\t\t<\/div>\n\t\t<\/div>\n\t\t\t\t\t\t\t\t<\/div>\n\t\t\t\t\t<\/div>\n\t\t<\/section>\n\t\t\t\t\t\t<\/div>\n\t\t\t\t\t\t<\/div>\n\t\t\t\t\t<\/div>\n\t\t","protected":false},"excerpt":{"rendered":"<p>Qui suis-je? Votre technicien en personne est dot\u00e9 des qualifications suivantes: Baccalaur\u00e9at S.T.I \u00e9lectronique, qui signifie: Sciences et Technologies Industrielles \u00e9lectronique. Brevet de Technicien Sup\u00e9rieur I.R.I.S, qui signifie: Informatique et R\u00e9seaux pour l&rsquo;Industrie et les Services techniques. Habilitations \u00e9lectriques pour personnel \u00e9lectricien UTE NF C 18-510: niveaux B1\/B1V, B2\/B2V, H1\/H1V, H2\/H2v, BR\/BS, BC\/HC, (effectu\u00e9es au &hellip;<\/p>\n<p class=\"read-more\"> <a class=\"\" href=\"https:\/\/electro-seb.fr\/index.php\/votre-technicien\/\"> <span class=\"screen-reader-text\">Votre technicien<\/span> Lire la suite\u00a0\u00bb<\/a><\/p>\n","protected":false},"author":1,"featured_media":0,"parent":0,"menu_order":0,"comment_status":"closed","ping_status":"closed","template":"","meta":{"sfsi_plus_gutenberg_text_before_share":"","sfsi_plus_gutenberg_show_text_before_share":"","sfsi_plus_gutenberg_icon_type":"","sfsi_plus_gutenberg_icon_alignemt":"","sfsi_plus_gutenburg_max_per_row":"","site-sidebar-layout":"no-sidebar","site-content-layout":"page-builder","ast-main-header-display":"","ast-hfb-above-header-display":"","ast-hfb-below-header-display":"","ast-hfb-mobile-header-display":"","site-post-title":"disabled","ast-breadcrumbs-content":"","ast-featured-img":"disabled","footer-sml-layout":"","theme-transparent-header-meta":"default","adv-header-id-meta":"","stick-header-meta":"","header-above-stick-meta":"","header-main-stick-meta":"","header-below-stick-meta":"","footnotes":""},"class_list":["post-509","page","type-page","status-publish","hentry"],"yoast_head":"<!-- This site is optimized with the Yoast SEO plugin v24.9 - https:\/\/yoast.com\/wordpress\/plugins\/seo\/ -->\n<title>Votre technicien - Electro SEB<\/title>\n<meta name=\"robots\" content=\"index, follow, max-snippet:-1, max-image-preview:large, max-video-preview:-1\" \/>\n<link rel=\"canonical\" href=\"https:\/\/electro-seb.fr\/index.php\/votre-technicien\/\" \/>\n<meta property=\"og:locale\" content=\"fr_FR\" \/>\n<meta property=\"og:type\" content=\"article\" \/>\n<meta property=\"og:title\" content=\"Votre technicien - Electro SEB\" \/>\n<meta property=\"og:description\" content=\"Qui suis-je? Votre technicien en personne est dot\u00e9 des qualifications suivantes: Baccalaur\u00e9at S.T.I \u00e9lectronique, qui signifie: Sciences et Technologies Industrielles \u00e9lectronique. Brevet de Technicien Sup\u00e9rieur I.R.I.S, qui signifie: Informatique et R\u00e9seaux pour l&rsquo;Industrie et les Services techniques. Habilitations \u00e9lectriques pour personnel \u00e9lectricien UTE NF C 18-510: niveaux B1\/B1V, B2\/B2V, H1\/H1V, H2\/H2v, BR\/BS, BC\/HC, (effectu\u00e9es au &hellip; Votre technicien Lire la suite\u00a0\u00bb\" \/>\n<meta property=\"og:url\" content=\"https:\/\/electro-seb.fr\/index.php\/votre-technicien\/\" \/>\n<meta property=\"og:site_name\" content=\"Electro SEB\" \/>\n<meta property=\"article:publisher\" content=\"https:\/\/www.facebook.com\/SebAbitbol\/\" \/>\n<meta property=\"article:modified_time\" content=\"2019-10-15T17:00:43+00:00\" \/>\n<meta property=\"og:image\" content=\"http:\/\/electro-seb.fr\/wp-content\/uploads\/2019\/09\/photo-profil-redimensionner.jpg\" \/>\n<meta name=\"twitter:card\" content=\"summary_large_image\" \/>\n<meta name=\"twitter:label1\" content=\"Dur\u00e9e de lecture estim\u00e9e\" \/>\n\t<meta name=\"twitter:data1\" content=\"1 minute\" \/>\n<script type=\"application\/ld+json\" class=\"yoast-schema-graph\">{\"@context\":\"https:\/\/schema.org\",\"@graph\":[{\"@type\":\"WebPage\",\"@id\":\"https:\/\/electro-seb.fr\/index.php\/votre-technicien\/\",\"url\":\"https:\/\/electro-seb.fr\/index.php\/votre-technicien\/\",\"name\":\"Votre technicien - Electro SEB\",\"isPartOf\":{\"@id\":\"https:\/\/electro-seb.fr\/#website\"},\"primaryImageOfPage\":{\"@id\":\"https:\/\/electro-seb.fr\/index.php\/votre-technicien\/#primaryimage\"},\"image\":{\"@id\":\"https:\/\/electro-seb.fr\/index.php\/votre-technicien\/#primaryimage\"},\"thumbnailUrl\":\"http:\/\/electro-seb.fr\/wp-content\/uploads\/2019\/09\/photo-profil-redimensionner.jpg\",\"datePublished\":\"2019-10-02T20:51:11+00:00\",\"dateModified\":\"2019-10-15T17:00:43+00:00\",\"breadcrumb\":{\"@id\":\"https:\/\/electro-seb.fr\/index.php\/votre-technicien\/#breadcrumb\"},\"inLanguage\":\"fr-FR\",\"potentialAction\":[{\"@type\":\"ReadAction\",\"target\":[\"https:\/\/electro-seb.fr\/index.php\/votre-technicien\/\"]}]},{\"@type\":\"ImageObject\",\"inLanguage\":\"fr-FR\",\"@id\":\"https:\/\/electro-seb.fr\/index.php\/votre-technicien\/#primaryimage\",\"url\":\"http:\/\/electro-seb.fr\/wp-content\/uploads\/2019\/09\/photo-profil-redimensionner.jpg\",\"contentUrl\":\"http:\/\/electro-seb.fr\/wp-content\/uploads\/2019\/09\/photo-profil-redimensionner.jpg\"},{\"@type\":\"BreadcrumbList\",\"@id\":\"https:\/\/electro-seb.fr\/index.php\/votre-technicien\/#breadcrumb\",\"itemListElement\":[{\"@type\":\"ListItem\",\"position\":1,\"name\":\"Accueil\",\"item\":\"https:\/\/electro-seb.fr\/\"},{\"@type\":\"ListItem\",\"position\":2,\"name\":\"Votre technicien\"}]},{\"@type\":\"WebSite\",\"@id\":\"https:\/\/electro-seb.fr\/#website\",\"url\":\"https:\/\/electro-seb.fr\/\",\"name\":\"Electro SEB\",\"description\":\"Un site cr\u00e9er par S\u00e9bastien Abitbol\",\"publisher\":{\"@id\":\"https:\/\/electro-seb.fr\/#organization\"},\"potentialAction\":[{\"@type\":\"SearchAction\",\"target\":{\"@type\":\"EntryPoint\",\"urlTemplate\":\"https:\/\/electro-seb.fr\/?s={search_term_string}\"},\"query-input\":{\"@type\":\"PropertyValueSpecification\",\"valueRequired\":true,\"valueName\":\"search_term_string\"}}],\"inLanguage\":\"fr-FR\"},{\"@type\":\"Organization\",\"@id\":\"https:\/\/electro-seb.fr\/#organization\",\"name\":\"Electro SEB\",\"url\":\"https:\/\/electro-seb.fr\/\",\"logo\":{\"@type\":\"ImageObject\",\"inLanguage\":\"fr-FR\",\"@id\":\"https:\/\/electro-seb.fr\/#\/schema\/logo\/image\/\",\"url\":\"https:\/\/electro-seb.fr\/wp-content\/uploads\/2019\/10\/cropped-ELECTRO-SEB-LOGO-MODIFIER-OK1-1.png\",\"contentUrl\":\"https:\/\/electro-seb.fr\/wp-content\/uploads\/2019\/10\/cropped-ELECTRO-SEB-LOGO-MODIFIER-OK1-1.png\",\"width\":500,\"height\":400,\"caption\":\"Electro SEB\"},\"image\":{\"@id\":\"https:\/\/electro-seb.fr\/#\/schema\/logo\/image\/\"},\"sameAs\":[\"https:\/\/www.facebook.com\/SebAbitbol\/\"]}]}<\/script>\n<!-- \/ Yoast SEO plugin. -->","yoast_head_json":{"title":"Votre technicien - Electro SEB","robots":{"index":"index","follow":"follow","max-snippet":"max-snippet:-1","max-image-preview":"max-image-preview:large","max-video-preview":"max-video-preview:-1"},"canonical":"https:\/\/electro-seb.fr\/index.php\/votre-technicien\/","og_locale":"fr_FR","og_type":"article","og_title":"Votre technicien - Electro SEB","og_description":"Qui suis-je? Votre technicien en personne est dot\u00e9 des qualifications suivantes: Baccalaur\u00e9at S.T.I \u00e9lectronique, qui signifie: Sciences et Technologies Industrielles \u00e9lectronique. Brevet de Technicien Sup\u00e9rieur I.R.I.S, qui signifie: Informatique et R\u00e9seaux pour l&rsquo;Industrie et les Services techniques. Habilitations \u00e9lectriques pour personnel \u00e9lectricien UTE NF C 18-510: niveaux B1\/B1V, B2\/B2V, H1\/H1V, H2\/H2v, BR\/BS, BC\/HC, (effectu\u00e9es au &hellip; Votre technicien Lire la suite\u00a0\u00bb","og_url":"https:\/\/electro-seb.fr\/index.php\/votre-technicien\/","og_site_name":"Electro SEB","article_publisher":"https:\/\/www.facebook.com\/SebAbitbol\/","article_modified_time":"2019-10-15T17:00:43+00:00","og_image":[{"url":"http:\/\/electro-seb.fr\/wp-content\/uploads\/2019\/09\/photo-profil-redimensionner.jpg","type":"","width":"","height":""}],"twitter_card":"summary_large_image","twitter_misc":{"Dur\u00e9e de lecture estim\u00e9e":"1 minute"},"schema":{"@context":"https:\/\/schema.org","@graph":[{"@type":"WebPage","@id":"https:\/\/electro-seb.fr\/index.php\/votre-technicien\/","url":"https:\/\/electro-seb.fr\/index.php\/votre-technicien\/","name":"Votre technicien - Electro SEB","isPartOf":{"@id":"https:\/\/electro-seb.fr\/#website"},"primaryImageOfPage":{"@id":"https:\/\/electro-seb.fr\/index.php\/votre-technicien\/#primaryimage"},"image":{"@id":"https:\/\/electro-seb.fr\/index.php\/votre-technicien\/#primaryimage"},"thumbnailUrl":"http:\/\/electro-seb.fr\/wp-content\/uploads\/2019\/09\/photo-profil-redimensionner.jpg","datePublished":"2019-10-02T20:51:11+00:00","dateModified":"2019-10-15T17:00:43+00:00","breadcrumb":{"@id":"https:\/\/electro-seb.fr\/index.php\/votre-technicien\/#breadcrumb"},"inLanguage":"fr-FR","potentialAction":[{"@type":"ReadAction","target":["https:\/\/electro-seb.fr\/index.php\/votre-technicien\/"]}]},{"@type":"ImageObject","inLanguage":"fr-FR","@id":"https:\/\/electro-seb.fr\/index.php\/votre-technicien\/#primaryimage","url":"http:\/\/electro-seb.fr\/wp-content\/uploads\/2019\/09\/photo-profil-redimensionner.jpg","contentUrl":"http:\/\/electro-seb.fr\/wp-content\/uploads\/2019\/09\/photo-profil-redimensionner.jpg"},{"@type":"BreadcrumbList","@id":"https:\/\/electro-seb.fr\/index.php\/votre-technicien\/#breadcrumb","itemListElement":[{"@type":"ListItem","position":1,"name":"Accueil","item":"https:\/\/electro-seb.fr\/"},{"@type":"ListItem","position":2,"name":"Votre technicien"}]},{"@type":"WebSite","@id":"https:\/\/electro-seb.fr\/#website","url":"https:\/\/electro-seb.fr\/","name":"Electro SEB","description":"Un site cr\u00e9er par S\u00e9bastien Abitbol","publisher":{"@id":"https:\/\/electro-seb.fr\/#organization"},"potentialAction":[{"@type":"SearchAction","target":{"@type":"EntryPoint","urlTemplate":"https:\/\/electro-seb.fr\/?s={search_term_string}"},"query-input":{"@type":"PropertyValueSpecification","valueRequired":true,"valueName":"search_term_string"}}],"inLanguage":"fr-FR"},{"@type":"Organization","@id":"https:\/\/electro-seb.fr\/#organization","name":"Electro SEB","url":"https:\/\/electro-seb.fr\/","logo":{"@type":"ImageObject","inLanguage":"fr-FR","@id":"https:\/\/electro-seb.fr\/#\/schema\/logo\/image\/","url":"https:\/\/electro-seb.fr\/wp-content\/uploads\/2019\/10\/cropped-ELECTRO-SEB-LOGO-MODIFIER-OK1-1.png","contentUrl":"https:\/\/electro-seb.fr\/wp-content\/uploads\/2019\/10\/cropped-ELECTRO-SEB-LOGO-MODIFIER-OK1-1.png","width":500,"height":400,"caption":"Electro SEB"},"image":{"@id":"https:\/\/electro-seb.fr\/#\/schema\/logo\/image\/"},"sameAs":["https:\/\/www.facebook.com\/SebAbitbol\/"]}]}},"uagb_featured_image_src":{"full":false,"thumbnail":false,"medium":false,"medium_large":false,"large":false,"1536x1536":false,"2048x2048":false},"uagb_author_info":{"display_name":"admin3661","author_link":"https:\/\/electro-seb.fr\/index.php\/author\/admin3661\/"},"uagb_comment_info":0,"uagb_excerpt":"Qui suis-je? Votre technicien en personne est dot\u00e9 des qualifications suivantes: Baccalaur\u00e9at S.T.I \u00e9lectronique, qui signifie: Sciences et Technologies Industrielles \u00e9lectronique. Brevet de Technicien Sup\u00e9rieur I.R.I.S, qui signifie: Informatique et R\u00e9seaux pour l&rsquo;Industrie et les Services techniques. Habilitations \u00e9lectriques pour personnel \u00e9lectricien UTE NF C 18-510: niveaux B1\/B1V, B2\/B2V, H1\/H1V, H2\/H2v, BR\/BS, BC\/HC, (effectu\u00e9es au\u2026","_links":{"self":[{"href":"https:\/\/electro-seb.fr\/index.php\/wp-json\/wp\/v2\/pages\/509","targetHints":{"allow":["GET"]}}],"collection":[{"href":"https:\/\/electro-seb.fr\/index.php\/wp-json\/wp\/v2\/pages"}],"about":[{"href":"https:\/\/electro-seb.fr\/index.php\/wp-json\/wp\/v2\/types\/page"}],"author":[{"embeddable":true,"href":"https:\/\/electro-seb.fr\/index.php\/wp-json\/wp\/v2\/users\/1"}],"replies":[{"embeddable":true,"href":"https:\/\/electro-seb.fr\/index.php\/wp-json\/wp\/v2\/comments?post=509"}],"version-history":[{"count":33,"href":"https:\/\/electro-seb.fr\/index.php\/wp-json\/wp\/v2\/pages\/509\/revisions"}],"predecessor-version":[{"id":1272,"href":"https:\/\/electro-seb.fr\/index.php\/wp-json\/wp\/v2\/pages\/509\/revisions\/1272"}],"wp:attachment":[{"href":"https:\/\/electro-seb.fr\/index.php\/wp-json\/wp\/v2\/media?parent=509"}],"curies":[{"name":"wp","href":"https:\/\/api.w.org\/{rel}","templated":true}]}}