{"id":558,"date":"2019-10-03T17:36:42","date_gmt":"2019-10-03T15:36:42","guid":{"rendered":"http:\/\/electro-seb.fr\/?page_id=558"},"modified":"2019-10-15T19:48:08","modified_gmt":"2019-10-15T17:48:08","slug":"reparations","status":"publish","type":"page","link":"https:\/\/electro-seb.fr\/index.php\/reparations\/","title":{"rendered":"R\u00e9parations"},"content":{"rendered":"\t\t<div data-elementor-type=\"wp-page\" data-elementor-id=\"558\" class=\"elementor elementor-558\" data-elementor-settings=\"[]\">\n\t\t\t\t\t\t<div class=\"elementor-inner\">\n\t\t\t\t\t\t\t<div class=\"elementor-section-wrap\">\n\t\t\t\t\t\t\t<section class=\"elementor-section elementor-top-section elementor-element elementor-element-4739733 elementor-section-boxed elementor-section-height-default elementor-section-height-default\" data-id=\"4739733\" data-element_type=\"section\">\n\t\t\t\t\t\t<div class=\"elementor-container elementor-column-gap-default\">\n\t\t\t\t\t\t\t<div class=\"elementor-row\">\n\t\t\t\t\t<div class=\"elementor-column elementor-col-100 elementor-top-column elementor-element elementor-element-afece30\" data-id=\"afece30\" data-element_type=\"column\">\n\t\t\t<div class=\"elementor-column-wrap elementor-element-populated\">\n\t\t\t\t\t\t\t<div class=\"elementor-widget-wrap\">\n\t\t\t\t\t\t<div class=\"elementor-element elementor-element-b63cd2b elementor-widget-divider--view-line elementor-widget elementor-widget-divider\" data-id=\"b63cd2b\" data-element_type=\"widget\" data-widget_type=\"divider.default\">\n\t\t\t\t<div class=\"elementor-widget-container\">\n\t\t\t\t\t<div class=\"elementor-divider\">\n\t\t\t<span class=\"elementor-divider-separator\">\n\t\t\t\t\t\t<\/span>\n\t\t<\/div>\n\t\t\t\t<\/div>\n\t\t\t\t<\/div>\n\t\t\t\t\t\t<\/div>\n\t\t\t\t\t<\/div>\n\t\t<\/div>\n\t\t\t\t\t\t\t\t<\/div>\n\t\t\t\t\t<\/div>\n\t\t<\/section>\n\t\t\t\t<section class=\"elementor-section elementor-top-section elementor-element elementor-element-dcc3a6a elementor-section-boxed elementor-section-height-default elementor-section-height-default\" data-id=\"dcc3a6a\" data-element_type=\"section\">\n\t\t\t\t\t\t<div class=\"elementor-container elementor-column-gap-default\">\n\t\t\t\t\t\t\t<div class=\"elementor-row\">\n\t\t\t\t\t<div class=\"elementor-column elementor-col-100 elementor-top-column elementor-element elementor-element-a206a46\" data-id=\"a206a46\" data-element_type=\"column\">\n\t\t\t<div class=\"elementor-column-wrap elementor-element-populated\">\n\t\t\t\t\t\t\t<div class=\"elementor-widget-wrap\">\n\t\t\t\t\t\t<div class=\"elementor-element elementor-element-5830d04 elementor-widget elementor-widget-heading\" data-id=\"5830d04\" data-element_type=\"widget\" data-widget_type=\"heading.default\">\n\t\t\t\t<div class=\"elementor-widget-container\">\n\t\t\t<h2 class=\"elementor-heading-title elementor-size-xl\">R\u00e9parations de tous types d'appareils \u00e9lectrom\u00e9nagers<\/h2>\t\t<\/div>\n\t\t\t\t<\/div>\n\t\t\t\t\t\t<\/div>\n\t\t\t\t\t<\/div>\n\t\t<\/div>\n\t\t\t\t\t\t\t\t<\/div>\n\t\t\t\t\t<\/div>\n\t\t<\/section>\n\t\t\t\t<section class=\"elementor-section elementor-top-section elementor-element elementor-element-66352c8 elementor-section-boxed elementor-section-height-default elementor-section-height-default\" data-id=\"66352c8\" data-element_type=\"section\">\n\t\t\t\t\t\t<div class=\"elementor-container elementor-column-gap-default\">\n\t\t\t\t\t\t\t<div class=\"elementor-row\">\n\t\t\t\t\t<div class=\"elementor-column elementor-col-100 elementor-top-column elementor-element elementor-element-4533b73\" data-id=\"4533b73\" data-element_type=\"column\">\n\t\t\t<div class=\"elementor-column-wrap elementor-element-populated\">\n\t\t\t\t\t\t\t<div class=\"elementor-widget-wrap\">\n\t\t\t\t\t\t<div class=\"elementor-element elementor-element-1cab3c7 elementor-widget-divider--view-line elementor-widget elementor-widget-divider\" data-id=\"1cab3c7\" data-element_type=\"widget\" data-widget_type=\"divider.default\">\n\t\t\t\t<div class=\"elementor-widget-container\">\n\t\t\t\t\t<div class=\"elementor-divider\">\n\t\t\t<span class=\"elementor-divider-separator\">\n\t\t\t\t\t\t<\/span>\n\t\t<\/div>\n\t\t\t\t<\/div>\n\t\t\t\t<\/div>\n\t\t\t\t\t\t<\/div>\n\t\t\t\t\t<\/div>\n\t\t<\/div>\n\t\t\t\t\t\t\t\t<\/div>\n\t\t\t\t\t<\/div>\n\t\t<\/section>\n\t\t\t\t<section class=\"elementor-section elementor-top-section elementor-element elementor-element-975dd2a elementor-section-boxed elementor-section-height-default elementor-section-height-default\" data-id=\"975dd2a\" data-element_type=\"section\">\n\t\t\t\t\t\t<div class=\"elementor-container elementor-column-gap-default\">\n\t\t\t\t\t\t\t<div class=\"elementor-row\">\n\t\t\t\t\t<div class=\"elementor-column elementor-col-100 elementor-top-column elementor-element elementor-element-b2129c2\" data-id=\"b2129c2\" data-element_type=\"column\">\n\t\t\t<div class=\"elementor-column-wrap elementor-element-populated\">\n\t\t\t\t\t\t\t<div class=\"elementor-widget-wrap\">\n\t\t\t\t\t\t<div class=\"elementor-element elementor-element-f5cecba elementor-widget elementor-widget-heading\" data-id=\"f5cecba\" data-element_type=\"widget\" data-widget_type=\"heading.default\">\n\t\t\t\t<div class=\"elementor-widget-container\">\n\t\t\t<h3 class=\"elementor-heading-title elementor-size-xxl\">D\u00e9pannage du gros \u00e9lectrom\u00e9nager<\/h3>\t\t<\/div>\n\t\t\t\t<\/div>\n\t\t\t\t\t\t<\/div>\n\t\t\t\t\t<\/div>\n\t\t<\/div>\n\t\t\t\t\t\t\t\t<\/div>\n\t\t\t\t\t<\/div>\n\t\t<\/section>\n\t\t\t\t<section class=\"elementor-section elementor-top-section elementor-element elementor-element-61ddc8d elementor-section-boxed elementor-section-height-default elementor-section-height-default\" data-id=\"61ddc8d\" data-element_type=\"section\">\n\t\t\t\t\t\t<div class=\"elementor-container elementor-column-gap-default\">\n\t\t\t\t\t\t\t<div class=\"elementor-row\">\n\t\t\t\t\t<div class=\"elementor-column elementor-col-50 elementor-top-column elementor-element elementor-element-ddf9e20\" data-id=\"ddf9e20\" data-element_type=\"column\">\n\t\t\t<div class=\"elementor-column-wrap elementor-element-populated\">\n\t\t\t\t\t\t\t<div class=\"elementor-widget-wrap\">\n\t\t\t\t\t\t<div class=\"elementor-element elementor-element-80000c6 elementor-widget elementor-widget-image\" data-id=\"80000c6\" data-element_type=\"widget\" data-widget_type=\"image.default\">\n\t\t\t\t<div class=\"elementor-widget-container\">\n\t\t\t\t\t\t\t\t<div class=\"elementor-image\">\n\t\t\t\t\t\t\t\t\t\t\t\t<img loading=\"lazy\" decoding=\"async\" width=\"700\" height=\"400\" src=\"https:\/\/electro-seb.fr\/wp-content\/uploads\/2019\/10\/gros-electromenager2-sans-arri\u00e8re-plan.png\" class=\"attachment-large size-large\" alt=\"\" srcset=\"https:\/\/electro-seb.fr\/wp-content\/uploads\/2019\/10\/gros-electromenager2-sans-arri\u00e8re-plan.png 700w, https:\/\/electro-seb.fr\/wp-content\/uploads\/2019\/10\/gros-electromenager2-sans-arri\u00e8re-plan-300x171.png 300w\" sizes=\"auto, (max-width: 700px) 100vw, 700px\" \/>\t\t\t\t\t\t\t\t\t\t\t\t\t\t<\/div>\n\t\t\t\t\t\t<\/div>\n\t\t\t\t<\/div>\n\t\t\t\t\t\t<\/div>\n\t\t\t\t\t<\/div>\n\t\t<\/div>\n\t\t\t\t<div class=\"elementor-column elementor-col-50 elementor-top-column elementor-element elementor-element-d2a3ac8\" data-id=\"d2a3ac8\" data-element_type=\"column\">\n\t\t\t<div class=\"elementor-column-wrap elementor-element-populated\">\n\t\t\t\t\t\t\t<div class=\"elementor-widget-wrap\">\n\t\t\t\t\t\t<div class=\"elementor-element elementor-element-90f198e elementor-widget elementor-widget-text-editor\" data-id=\"90f198e\" data-element_type=\"widget\" data-widget_type=\"text-editor.default\">\n\t\t\t\t<div class=\"elementor-widget-container\">\n\t\t\t\t\t\t\t\t<div class=\"elementor-text-editor elementor-clearfix\">\n\t\t\t\t<p style=\"text-align: center;\">La soci\u00e9t\u00e9 <strong>ELECTRO SEB,\u00a0<\/strong>intervient sur votre gros \u00e9lectrom\u00e9nager, quelque soit la panne:<\/p><ul><li style=\"text-align: left;\">Lave-linge<\/li><li style=\"text-align: left;\">S\u00e8che-linge<\/li><li style=\"text-align: left;\">Lave-vaisselle<\/li><li style=\"text-align: left;\">Four<\/li><li style=\"text-align: left;\">R\u00e9frig\u00e9rateur<\/li><li style=\"text-align: left;\">Cong\u00e9lateur<\/li><li style=\"text-align: left;\">Plaque de cuisson<\/li><li style=\"text-align: left;\">H\u00f4te aspirante<\/li><li style=\"text-align: left;\">&#8230;<\/li><\/ul>\t\t\t\t\t<\/div>\n\t\t\t\t\t\t<\/div>\n\t\t\t\t<\/div>\n\t\t\t\t\t\t<\/div>\n\t\t\t\t\t<\/div>\n\t\t<\/div>\n\t\t\t\t\t\t\t\t<\/div>\n\t\t\t\t\t<\/div>\n\t\t<\/section>\n\t\t\t\t<section class=\"elementor-section elementor-top-section elementor-element elementor-element-bd43bbe elementor-section-boxed elementor-section-height-default elementor-section-height-default\" data-id=\"bd43bbe\" data-element_type=\"section\">\n\t\t\t\t\t\t<div class=\"elementor-container elementor-column-gap-default\">\n\t\t\t\t\t\t\t<div class=\"elementor-row\">\n\t\t\t\t\t<div class=\"elementor-column elementor-col-100 elementor-top-column elementor-element elementor-element-012a5b9\" data-id=\"012a5b9\" data-element_type=\"column\">\n\t\t\t<div class=\"elementor-column-wrap elementor-element-populated\">\n\t\t\t\t\t\t\t<div class=\"elementor-widget-wrap\">\n\t\t\t\t\t\t<div class=\"elementor-element elementor-element-28f8832 elementor-widget elementor-widget-heading\" data-id=\"28f8832\" data-element_type=\"widget\" data-widget_type=\"heading.default\">\n\t\t\t\t<div class=\"elementor-widget-container\">\n\t\t\t<h4 class=\"elementor-heading-title elementor-size-xxl\">R\u00e9paration de petits \u00e9lectrom\u00e9nagers<\/h4>\t\t<\/div>\n\t\t\t\t<\/div>\n\t\t\t\t\t\t<\/div>\n\t\t\t\t\t<\/div>\n\t\t<\/div>\n\t\t\t\t\t\t\t\t<\/div>\n\t\t\t\t\t<\/div>\n\t\t<\/section>\n\t\t\t\t<section class=\"elementor-section elementor-top-section elementor-element elementor-element-9d3dba0 elementor-section-boxed elementor-section-height-default elementor-section-height-default\" data-id=\"9d3dba0\" data-element_type=\"section\">\n\t\t\t\t\t\t<div class=\"elementor-container elementor-column-gap-default\">\n\t\t\t\t\t\t\t<div class=\"elementor-row\">\n\t\t\t\t\t<div class=\"elementor-column elementor-col-50 elementor-top-column elementor-element elementor-element-112cfb3\" data-id=\"112cfb3\" data-element_type=\"column\">\n\t\t\t<div class=\"elementor-column-wrap elementor-element-populated\">\n\t\t\t\t\t\t\t<div class=\"elementor-widget-wrap\">\n\t\t\t\t\t\t<div class=\"elementor-element elementor-element-4557ecb elementor-widget elementor-widget-text-editor\" data-id=\"4557ecb\" data-element_type=\"widget\" data-widget_type=\"text-editor.default\">\n\t\t\t\t<div class=\"elementor-widget-container\">\n\t\t\t\t\t\t\t\t<div class=\"elementor-text-editor elementor-clearfix\">\n\t\t\t\t<p style=\"text-align: center;\">Votre technicien de petits \u00e9lectrom\u00e9nagers effectue un diagnostic complet de vos appareils, afin de d\u00e9tecter quel est le ou les organes d\u00e9fectueux. Il r\u00e9alise suite \u00e0 votre acceptation du devis, la r\u00e9paration\u00a0de vos appareils tels que\u00a0:<\/p><ul><li>Micro-ondes<\/li><li>Cafeti\u00e8re<\/li><li>Bouilloire<\/li><li>Aspirateur<\/li><li style=\"text-align: left;\">Fer \u00e0 repasser et Centrale \u00e0 vapeur<\/li><li>&#8230;<\/li><\/ul>\t\t\t\t\t<\/div>\n\t\t\t\t\t\t<\/div>\n\t\t\t\t<\/div>\n\t\t\t\t\t\t<\/div>\n\t\t\t\t\t<\/div>\n\t\t<\/div>\n\t\t\t\t<div class=\"elementor-column elementor-col-50 elementor-top-column elementor-element elementor-element-89aa9c4\" data-id=\"89aa9c4\" data-element_type=\"column\">\n\t\t\t<div class=\"elementor-column-wrap elementor-element-populated\">\n\t\t\t\t\t\t\t<div class=\"elementor-widget-wrap\">\n\t\t\t\t\t\t<div class=\"elementor-element elementor-element-86aab92 elementor-widget elementor-widget-image\" data-id=\"86aab92\" data-element_type=\"widget\" data-widget_type=\"image.default\">\n\t\t\t\t<div class=\"elementor-widget-container\">\n\t\t\t\t\t\t\t\t<div class=\"elementor-image\">\n\t\t\t\t\t\t\t\t\t\t\t\t<img loading=\"lazy\" decoding=\"async\" width=\"400\" height=\"299\" src=\"https:\/\/electro-seb.fr\/wp-content\/uploads\/2019\/10\/petit-\u00e9lectrom\u00e9nager-sans-fond-bleu400px.png\" class=\"attachment-large size-large\" alt=\"\" srcset=\"https:\/\/electro-seb.fr\/wp-content\/uploads\/2019\/10\/petit-\u00e9lectrom\u00e9nager-sans-fond-bleu400px.png 400w, https:\/\/electro-seb.fr\/wp-content\/uploads\/2019\/10\/petit-\u00e9lectrom\u00e9nager-sans-fond-bleu400px-300x224.png 300w\" sizes=\"auto, (max-width: 400px) 100vw, 400px\" \/>\t\t\t\t\t\t\t\t\t\t\t\t\t\t<\/div>\n\t\t\t\t\t\t<\/div>\n\t\t\t\t<\/div>\n\t\t\t\t\t\t<\/div>\n\t\t\t\t\t<\/div>\n\t\t<\/div>\n\t\t\t\t\t\t\t\t<\/div>\n\t\t\t\t\t<\/div>\n\t\t<\/section>\n\t\t\t\t<section class=\"elementor-section elementor-top-section elementor-element elementor-element-749dae6 elementor-section-boxed elementor-section-height-default elementor-section-height-default\" data-id=\"749dae6\" data-element_type=\"section\">\n\t\t\t\t\t\t<div class=\"elementor-container elementor-column-gap-default\">\n\t\t\t\t\t\t\t<div class=\"elementor-row\">\n\t\t\t\t\t<div class=\"elementor-column elementor-col-100 elementor-top-column elementor-element elementor-element-f53ff7f\" data-id=\"f53ff7f\" data-element_type=\"column\">\n\t\t\t<div class=\"elementor-column-wrap elementor-element-populated\">\n\t\t\t\t\t\t\t<div class=\"elementor-widget-wrap\">\n\t\t\t\t\t\t<div class=\"elementor-element elementor-element-c67d4e8 elementor-widget elementor-widget-text-editor\" data-id=\"c67d4e8\" data-element_type=\"widget\" data-widget_type=\"text-editor.default\">\n\t\t\t\t<div class=\"elementor-widget-container\">\n\t\t\t\t\t\t\t\t<div class=\"elementor-text-editor elementor-clearfix\">\n\t\t\t\t<p style=\"text-align: center;\">Votre d\u00e9panneur reste \u00e0 votre \u00e9coute, et met tout en \u0153uvre, afin de r\u00e9pondre au mieux \u00e0 vos besoins.<\/p><p style=\"text-align: center;\">Il connait les syst\u00e8mes \u00e9lectroniques et \u00e9lectriques.<\/p><p style=\"text-align: center;\">Pour de plus amples informations, veuillez nous contacter.\u00a0<\/p>\t\t\t\t\t<\/div>\n\t\t\t\t\t\t<\/div>\n\t\t\t\t<\/div>\n\t\t\t\t\t\t<\/div>\n\t\t\t\t\t<\/div>\n\t\t<\/div>\n\t\t\t\t\t\t\t\t<\/div>\n\t\t\t\t\t<\/div>\n\t\t<\/section>\n\t\t\t\t\t\t<\/div>\n\t\t\t\t\t\t<\/div>\n\t\t\t\t\t<\/div>\n\t\t","protected":false},"excerpt":{"rendered":"<p>R\u00e9parations de tous types d&rsquo;appareils \u00e9lectrom\u00e9nagers D\u00e9pannage du gros \u00e9lectrom\u00e9nager La soci\u00e9t\u00e9 ELECTRO SEB,\u00a0intervient sur votre gros \u00e9lectrom\u00e9nager, quelque soit la panne: Lave-linge S\u00e8che-linge Lave-vaisselle Four R\u00e9frig\u00e9rateur Cong\u00e9lateur Plaque de cuisson H\u00f4te aspirante &#8230; R\u00e9paration de petits \u00e9lectrom\u00e9nagers Votre technicien de petits \u00e9lectrom\u00e9nagers effectue un diagnostic complet de vos appareils, afin de d\u00e9tecter quel est &hellip;<\/p>\n<p class=\"read-more\"> <a class=\"\" href=\"https:\/\/electro-seb.fr\/index.php\/reparations\/\"> <span class=\"screen-reader-text\">R\u00e9parations<\/span> Lire la suite\u00a0\u00bb<\/a><\/p>\n","protected":false},"author":1,"featured_media":0,"parent":0,"menu_order":0,"comment_status":"closed","ping_status":"closed","template":"","meta":{"sfsi_plus_gutenberg_text_before_share":"","sfsi_plus_gutenberg_show_text_before_share":"","sfsi_plus_gutenberg_icon_type":"","sfsi_plus_gutenberg_icon_alignemt":"","sfsi_plus_gutenburg_max_per_row":"","site-sidebar-layout":"no-sidebar","site-content-layout":"page-builder","ast-main-header-display":"","ast-hfb-above-header-display":"","ast-hfb-below-header-display":"","ast-hfb-mobile-header-display":"","site-post-title":"disabled","ast-breadcrumbs-content":"","ast-featured-img":"disabled","footer-sml-layout":"","theme-transparent-header-meta":"","adv-header-id-meta":"","stick-header-meta":"","header-above-stick-meta":"","header-main-stick-meta":"","header-below-stick-meta":"","footnotes":""},"class_list":["post-558","page","type-page","status-publish","hentry"],"yoast_head":"<!-- This site is optimized with the Yoast SEO plugin v24.9 - https:\/\/yoast.com\/wordpress\/plugins\/seo\/ -->\n<title>R\u00e9parations - Electro SEB<\/title>\n<meta name=\"robots\" content=\"index, follow, max-snippet:-1, max-image-preview:large, max-video-preview:-1\" \/>\n<link rel=\"canonical\" href=\"https:\/\/electro-seb.fr\/index.php\/reparations\/\" \/>\n<meta property=\"og:locale\" content=\"fr_FR\" \/>\n<meta property=\"og:type\" content=\"article\" \/>\n<meta property=\"og:title\" content=\"R\u00e9parations - Electro SEB\" \/>\n<meta property=\"og:description\" content=\"R\u00e9parations de tous types d&rsquo;appareils \u00e9lectrom\u00e9nagers D\u00e9pannage du gros \u00e9lectrom\u00e9nager La soci\u00e9t\u00e9 ELECTRO SEB,\u00a0intervient sur votre gros \u00e9lectrom\u00e9nager, quelque soit la panne: Lave-linge S\u00e8che-linge Lave-vaisselle Four R\u00e9frig\u00e9rateur Cong\u00e9lateur Plaque de cuisson H\u00f4te aspirante &#8230; R\u00e9paration de petits \u00e9lectrom\u00e9nagers Votre technicien de petits \u00e9lectrom\u00e9nagers effectue un diagnostic complet de vos appareils, afin de d\u00e9tecter quel est &hellip; R\u00e9parations Lire la suite\u00a0\u00bb\" \/>\n<meta property=\"og:url\" content=\"https:\/\/electro-seb.fr\/index.php\/reparations\/\" \/>\n<meta property=\"og:site_name\" content=\"Electro SEB\" \/>\n<meta property=\"article:publisher\" content=\"https:\/\/www.facebook.com\/SebAbitbol\/\" \/>\n<meta property=\"article:modified_time\" content=\"2019-10-15T17:48:08+00:00\" \/>\n<meta property=\"og:image\" content=\"http:\/\/electro-seb.fr\/wp-content\/uploads\/2019\/10\/gros-electromenager2-sans-arri\u00e8re-plan.png\" \/>\n<meta name=\"twitter:card\" content=\"summary_large_image\" \/>\n<meta name=\"twitter:label1\" content=\"Dur\u00e9e de lecture estim\u00e9e\" \/>\n\t<meta name=\"twitter:data1\" content=\"1 minute\" \/>\n<script type=\"application\/ld+json\" class=\"yoast-schema-graph\">{\"@context\":\"https:\/\/schema.org\",\"@graph\":[{\"@type\":\"WebPage\",\"@id\":\"https:\/\/electro-seb.fr\/index.php\/reparations\/\",\"url\":\"https:\/\/electro-seb.fr\/index.php\/reparations\/\",\"name\":\"R\u00e9parations - Electro SEB\",\"isPartOf\":{\"@id\":\"https:\/\/electro-seb.fr\/#website\"},\"datePublished\":\"2019-10-03T15:36:42+00:00\",\"dateModified\":\"2019-10-15T17:48:08+00:00\",\"breadcrumb\":{\"@id\":\"https:\/\/electro-seb.fr\/index.php\/reparations\/#breadcrumb\"},\"inLanguage\":\"fr-FR\",\"potentialAction\":[{\"@type\":\"ReadAction\",\"target\":[\"https:\/\/electro-seb.fr\/index.php\/reparations\/\"]}]},{\"@type\":\"BreadcrumbList\",\"@id\":\"https:\/\/electro-seb.fr\/index.php\/reparations\/#breadcrumb\",\"itemListElement\":[{\"@type\":\"ListItem\",\"position\":1,\"name\":\"Accueil\",\"item\":\"https:\/\/electro-seb.fr\/\"},{\"@type\":\"ListItem\",\"position\":2,\"name\":\"R\u00e9parations\"}]},{\"@type\":\"WebSite\",\"@id\":\"https:\/\/electro-seb.fr\/#website\",\"url\":\"https:\/\/electro-seb.fr\/\",\"name\":\"Electro SEB\",\"description\":\"Un site cr\u00e9er par S\u00e9bastien Abitbol\",\"publisher\":{\"@id\":\"https:\/\/electro-seb.fr\/#organization\"},\"potentialAction\":[{\"@type\":\"SearchAction\",\"target\":{\"@type\":\"EntryPoint\",\"urlTemplate\":\"https:\/\/electro-seb.fr\/?s={search_term_string}\"},\"query-input\":{\"@type\":\"PropertyValueSpecification\",\"valueRequired\":true,\"valueName\":\"search_term_string\"}}],\"inLanguage\":\"fr-FR\"},{\"@type\":\"Organization\",\"@id\":\"https:\/\/electro-seb.fr\/#organization\",\"name\":\"Electro SEB\",\"url\":\"https:\/\/electro-seb.fr\/\",\"logo\":{\"@type\":\"ImageObject\",\"inLanguage\":\"fr-FR\",\"@id\":\"https:\/\/electro-seb.fr\/#\/schema\/logo\/image\/\",\"url\":\"https:\/\/electro-seb.fr\/wp-content\/uploads\/2019\/10\/cropped-ELECTRO-SEB-LOGO-MODIFIER-OK1-1.png\",\"contentUrl\":\"https:\/\/electro-seb.fr\/wp-content\/uploads\/2019\/10\/cropped-ELECTRO-SEB-LOGO-MODIFIER-OK1-1.png\",\"width\":500,\"height\":400,\"caption\":\"Electro SEB\"},\"image\":{\"@id\":\"https:\/\/electro-seb.fr\/#\/schema\/logo\/image\/\"},\"sameAs\":[\"https:\/\/www.facebook.com\/SebAbitbol\/\"]}]}<\/script>\n<!-- \/ Yoast SEO plugin. -->","yoast_head_json":{"title":"R\u00e9parations - Electro SEB","robots":{"index":"index","follow":"follow","max-snippet":"max-snippet:-1","max-image-preview":"max-image-preview:large","max-video-preview":"max-video-preview:-1"},"canonical":"https:\/\/electro-seb.fr\/index.php\/reparations\/","og_locale":"fr_FR","og_type":"article","og_title":"R\u00e9parations - Electro SEB","og_description":"R\u00e9parations de tous types d&rsquo;appareils \u00e9lectrom\u00e9nagers D\u00e9pannage du gros \u00e9lectrom\u00e9nager La soci\u00e9t\u00e9 ELECTRO SEB,\u00a0intervient sur votre gros \u00e9lectrom\u00e9nager, quelque soit la panne: Lave-linge S\u00e8che-linge Lave-vaisselle Four R\u00e9frig\u00e9rateur Cong\u00e9lateur Plaque de cuisson H\u00f4te aspirante &#8230; R\u00e9paration de petits \u00e9lectrom\u00e9nagers Votre technicien de petits \u00e9lectrom\u00e9nagers effectue un diagnostic complet de vos appareils, afin de d\u00e9tecter quel est &hellip; R\u00e9parations Lire la suite\u00a0\u00bb","og_url":"https:\/\/electro-seb.fr\/index.php\/reparations\/","og_site_name":"Electro SEB","article_publisher":"https:\/\/www.facebook.com\/SebAbitbol\/","article_modified_time":"2019-10-15T17:48:08+00:00","og_image":[{"url":"http:\/\/electro-seb.fr\/wp-content\/uploads\/2019\/10\/gros-electromenager2-sans-arri\u00e8re-plan.png","type":"","width":"","height":""}],"twitter_card":"summary_large_image","twitter_misc":{"Dur\u00e9e de lecture estim\u00e9e":"1 minute"},"schema":{"@context":"https:\/\/schema.org","@graph":[{"@type":"WebPage","@id":"https:\/\/electro-seb.fr\/index.php\/reparations\/","url":"https:\/\/electro-seb.fr\/index.php\/reparations\/","name":"R\u00e9parations - Electro SEB","isPartOf":{"@id":"https:\/\/electro-seb.fr\/#website"},"datePublished":"2019-10-03T15:36:42+00:00","dateModified":"2019-10-15T17:48:08+00:00","breadcrumb":{"@id":"https:\/\/electro-seb.fr\/index.php\/reparations\/#breadcrumb"},"inLanguage":"fr-FR","potentialAction":[{"@type":"ReadAction","target":["https:\/\/electro-seb.fr\/index.php\/reparations\/"]}]},{"@type":"BreadcrumbList","@id":"https:\/\/electro-seb.fr\/index.php\/reparations\/#breadcrumb","itemListElement":[{"@type":"ListItem","position":1,"name":"Accueil","item":"https:\/\/electro-seb.fr\/"},{"@type":"ListItem","position":2,"name":"R\u00e9parations"}]},{"@type":"WebSite","@id":"https:\/\/electro-seb.fr\/#website","url":"https:\/\/electro-seb.fr\/","name":"Electro SEB","description":"Un site cr\u00e9er par S\u00e9bastien Abitbol","publisher":{"@id":"https:\/\/electro-seb.fr\/#organization"},"potentialAction":[{"@type":"SearchAction","target":{"@type":"EntryPoint","urlTemplate":"https:\/\/electro-seb.fr\/?s={search_term_string}"},"query-input":{"@type":"PropertyValueSpecification","valueRequired":true,"valueName":"search_term_string"}}],"inLanguage":"fr-FR"},{"@type":"Organization","@id":"https:\/\/electro-seb.fr\/#organization","name":"Electro SEB","url":"https:\/\/electro-seb.fr\/","logo":{"@type":"ImageObject","inLanguage":"fr-FR","@id":"https:\/\/electro-seb.fr\/#\/schema\/logo\/image\/","url":"https:\/\/electro-seb.fr\/wp-content\/uploads\/2019\/10\/cropped-ELECTRO-SEB-LOGO-MODIFIER-OK1-1.png","contentUrl":"https:\/\/electro-seb.fr\/wp-content\/uploads\/2019\/10\/cropped-ELECTRO-SEB-LOGO-MODIFIER-OK1-1.png","width":500,"height":400,"caption":"Electro SEB"},"image":{"@id":"https:\/\/electro-seb.fr\/#\/schema\/logo\/image\/"},"sameAs":["https:\/\/www.facebook.com\/SebAbitbol\/"]}]}},"uagb_featured_image_src":{"full":false,"thumbnail":false,"medium":false,"medium_large":false,"large":false,"1536x1536":false,"2048x2048":false},"uagb_author_info":{"display_name":"admin3661","author_link":"https:\/\/electro-seb.fr\/index.php\/author\/admin3661\/"},"uagb_comment_info":0,"uagb_excerpt":"R\u00e9parations de tous types d&rsquo;appareils \u00e9lectrom\u00e9nagers D\u00e9pannage du gros \u00e9lectrom\u00e9nager La soci\u00e9t\u00e9 ELECTRO SEB,\u00a0intervient sur votre gros \u00e9lectrom\u00e9nager, quelque soit la panne: Lave-linge S\u00e8che-linge Lave-vaisselle Four R\u00e9frig\u00e9rateur Cong\u00e9lateur Plaque de cuisson H\u00f4te aspirante &#8230; R\u00e9paration de petits \u00e9lectrom\u00e9nagers Votre technicien de petits \u00e9lectrom\u00e9nagers effectue un diagnostic complet de vos appareils, afin de d\u00e9tecter quel est\u2026","_links":{"self":[{"href":"https:\/\/electro-seb.fr\/index.php\/wp-json\/wp\/v2\/pages\/558","targetHints":{"allow":["GET"]}}],"collection":[{"href":"https:\/\/electro-seb.fr\/index.php\/wp-json\/wp\/v2\/pages"}],"about":[{"href":"https:\/\/electro-seb.fr\/index.php\/wp-json\/wp\/v2\/types\/page"}],"author":[{"embeddable":true,"href":"https:\/\/electro-seb.fr\/index.php\/wp-json\/wp\/v2\/users\/1"}],"replies":[{"embeddable":true,"href":"https:\/\/electro-seb.fr\/index.php\/wp-json\/wp\/v2\/comments?post=558"}],"version-history":[{"count":48,"href":"https:\/\/electro-seb.fr\/index.php\/wp-json\/wp\/v2\/pages\/558\/revisions"}],"predecessor-version":[{"id":1316,"href":"https:\/\/electro-seb.fr\/index.php\/wp-json\/wp\/v2\/pages\/558\/revisions\/1316"}],"wp:attachment":[{"href":"https:\/\/electro-seb.fr\/index.php\/wp-json\/wp\/v2\/media?parent=558"}],"curies":[{"name":"wp","href":"https:\/\/api.w.org\/{rel}","templated":true}]}}